{"id":533,"date":"2015-03-11T08:33:49","date_gmt":"2015-03-11T07:33:49","guid":{"rendered":"https:\/\/rakuskopraca.sk\/danove-priznanie-bezplatne-2\/"},"modified":"2017-07-14T09:53:47","modified_gmt":"2017-07-14T07:53:47","slug":"danove-priznanie-bezplatne-7","status":"publish","type":"page","link":"https:\/\/rakuskopraca.sk\/ro\/danove-priznanie-bezplatne-7\/","title":{"rendered":"Despre noi"},"content":{"rendered":"<p><div class=\"fusion-fullwidth fullwidth-box fusion-builder-row-1 fusion-flex-container nonhundred-percent-fullwidth non-hundred-percent-height-scrolling\" style=\"--awb-background-position:left top;--awb-border-radius-top-left:0px;--awb-border-radius-top-right:0px;--awb-border-radius-bottom-right:0px;--awb-border-radius-bottom-left:0px;--awb-padding-top:20px;--awb-padding-bottom:20px;--awb-border-sizes-top:0px;--awb-border-sizes-bottom:0px;--awb-flex-wrap:wrap;\" ><div class=\"fusion-builder-row fusion-row fusion-flex-align-items-flex-start fusion-flex-content-wrap\" style=\"max-width:calc( 1100px + 0px );margin-left: calc(-0px \/ 2 );margin-right: calc(-0px \/ 2 );\"><div class=\"fusion-layout-column fusion_builder_column fusion-builder-column-0 fusion_builder_column_1_1 1_1 fusion-flex-column fusion-flex-align-self-flex-start fusion-column-no-min-height\" style=\"--awb-bg-size:cover;--awb-width-large:100%;--awb-margin-top-large:0px;--awb-spacing-right-large:0px;--awb-margin-bottom-large:0px;--awb-spacing-left-large:0px;--awb-width-medium:100%;--awb-spacing-right-medium:0px;--awb-spacing-left-medium:0px;--awb-width-small:100%;--awb-spacing-right-small:0px;--awb-spacing-left-small:0px;\"><div class=\"fusion-column-wrapper fusion-flex-justify-content-flex-start fusion-content-layout-column\"><div class=\"fusion-text fusion-text-1\"><h1><strong>Austria cu un partener slovac puternic.<\/strong><\/h1>\n<p>Luctati in Austria ca si PFA sau ingrijitoare? Cu placere va ajutam cu echivalarea bugetului si alte formalitati oficiale necesare.<\/p>\n<h2><strong>Sub tutela unei agentii de recrutare puternice.<\/strong><\/h2>\n<p>Rakuskopraca.sk este o\u00a0companie subsidiara care apartine grupului Atena. Stim de ce au clientii nostri din Austria nevoie, si de aceea ne-am hotarat sa le oferim un <strong>pachet special de servicii<\/strong>. Atena are un colectiv de peste 100-persoane si un departament economic puternic, unde mai mult de 20 persoane se ocupa cu rezolavrea echivalarii bugetului pentru PFA din Austria. In momentul de fata au incredere in noi peste <strong>150\u00a0000 clienti<\/strong>. Daca aveti nevoie de ajutor cu institutiile din Austria, cu mare placere Va ajutam si pe Dumneavoastra.<\/p>\n<h2><strong>U\u00a0experienta noastra o\u00a0sa economisiti timp si evitati greselile. <\/strong><\/h2>\n<p>In avantajul nostru sunt experientele de lunga durata si capacitatea de orientare in legile si reglementarile complicate. Nu va faceti griji inutile cu documentele si impozitele, cu noi o\u00a0sa se rezolve toate mai rapid si fara erori.<\/p>\n<h2><strong>Suntem doar la un pas de Dumneavoastra.<\/strong><\/h2>\n<p>Daca doriti sa ne vizitati personal, ne gasiti in Banska Bystrica, Bratislava, Ko\u0161ice si in Revuca. De departametele noastre sunteti doar la un pas.<\/p>\n<\/div><\/div><\/div><\/div><\/div><div class=\"fusion-fullwidth fullwidth-box fusion-builder-row-2 fusion-flex-container fusion-parallax-fixed hide-it nonhundred-percent-fullwidth non-hundred-percent-height-scrolling\" style=\"--awb-border-radius-top-left:0px;--awb-border-radius-top-right:0px;--awb-border-radius-bottom-right:0px;--awb-border-radius-bottom-left:0px;--awb-padding-top:20px;--awb-padding-bottom:30px;--awb-background-image:url(&quot;https:\/\/rakuskopraca.sk\/wp-content\/uploads\/2015\/03\/bg-t-2.jpg&quot;);--awb-background-size:cover;--awb-border-sizes-top:0px;--awb-border-sizes-bottom:0px;--awb-flex-wrap:wrap;background-attachment:fixed;\" ><div class=\"fusion-builder-row fusion-row fusion-flex-align-items-flex-start fusion-flex-content-wrap\" style=\"max-width:1144px;margin-left: calc(-4% \/ 2 );margin-right: calc(-4% \/ 2 );\"><div class=\"fusion-layout-column fusion_builder_column fusion-builder-column-1 fusion_builder_column_1_1 1_1 fusion-flex-column fusion-flex-align-self-flex-start fusion-column-no-min-height\" style=\"--awb-bg-size:cover;--awb-width-large:100%;--awb-margin-top-large:0px;--awb-spacing-right-large:1.92%;--awb-margin-bottom-large:0px;--awb-spacing-left-large:1.92%;--awb-width-medium:100%;--awb-spacing-right-medium:1.92%;--awb-spacing-left-medium:1.92%;--awb-width-small:100%;--awb-spacing-right-small:1.92%;--awb-spacing-left-small:1.92%;\"><div class=\"fusion-column-wrapper fusion-flex-justify-content-flex-start fusion-content-layout-column\"><div class=\"fusion-text fusion-text-2\"><h1 style=\"text-align: center;\"><span style=\"color: #ffffff;\">Zaregistrujte sa e\u0161te dnes a z\u00edskajte pln\u00fd pr\u00edstup k dokumentom a podkladom na stiahnutie \u00faplne zadarmo<\/span><\/h1>\n<\/div><\/div><\/div><div class=\"fusion-layout-column fusion_builder_column fusion-builder-column-2 fusion_builder_column_2_5 2_5 fusion-flex-column\" style=\"--awb-bg-size:cover;--awb-width-large:40%;--awb-margin-top-large:0px;--awb-spacing-right-large:4.8%;--awb-margin-bottom-large:20px;--awb-spacing-left-large:4.8%;--awb-width-medium:40%;--awb-spacing-right-medium:4.8%;--awb-spacing-left-medium:4.8%;--awb-width-small:100%;--awb-spacing-right-small:1.92%;--awb-spacing-left-small:1.92%;\"><div class=\"fusion-column-wrapper fusion-flex-justify-content-flex-start fusion-content-layout-column\"><div class=\"fusion-separator fusion-full-width-sep\" style=\"align-self: center;margin-left: auto;margin-right: auto;margin-top:20px;margin-bottom:20px;width:100%;\"><div class=\"fusion-separator-border sep-double sep-solid\" style=\"--awb-height:20px;--awb-amount:20px;--awb-sep-color:#ffffff;border-color:#ffffff;border-top-width:1px;border-bottom-width:1px;\"><\/div><\/div><\/div><\/div><div class=\"fusion-layout-column fusion_builder_column fusion-builder-column-3 fusion_builder_column_1_5 1_5 fusion-flex-column\" style=\"--awb-bg-size:cover;--awb-width-large:20%;--awb-margin-top-large:0px;--awb-spacing-right-large:9.6%;--awb-margin-bottom-large:20px;--awb-spacing-left-large:9.6%;--awb-width-medium:20%;--awb-spacing-right-medium:9.6%;--awb-spacing-left-medium:9.6%;--awb-width-small:100%;--awb-spacing-right-small:1.92%;--awb-spacing-left-small:1.92%;\"><div class=\"fusion-column-wrapper fusion-flex-justify-content-flex-start fusion-content-layout-column\"><div style=\"text-align:center;\"><a class=\"fusion-button button-flat button-xlarge button-custom fusion-button-default button-1 fusion-button-default-span fusion-has-button-gradient\" style=\"--button_accent_color:#ffffff;--button_accent_hover_color:#000000;--button_border_hover_color:#000000;--button_border_width-top:1px;--button_border_width-right:1px;--button_border_width-bottom:1px;--button_border_width-left:1px;--button_gradient_top_color:#e80707;--button_gradient_bottom_color:#d60707;--button_gradient_top_color_hover:#d60707;--button_gradient_bottom_color_hover:#e80707;\" target=\"_self\" href=\"https:\/\/rakuskopraca.sk\/?page_id=296\"><span class=\"fusion-button-text\">Registrova\u0165<\/span><\/a><\/div><\/div><\/div><div class=\"fusion-layout-column fusion_builder_column fusion-builder-column-4 fusion_builder_column_2_5 2_5 fusion-flex-column\" style=\"--awb-bg-size:cover;--awb-width-large:40%;--awb-margin-top-large:0px;--awb-spacing-right-large:4.8%;--awb-margin-bottom-large:20px;--awb-spacing-left-large:4.8%;--awb-width-medium:40%;--awb-spacing-right-medium:4.8%;--awb-spacing-left-medium:4.8%;--awb-width-small:100%;--awb-spacing-right-small:1.92%;--awb-spacing-left-small:1.92%;\"><div class=\"fusion-column-wrapper fusion-flex-justify-content-flex-start fusion-content-layout-column\"><div class=\"fusion-separator fusion-full-width-sep\" style=\"align-self: center;margin-left: auto;margin-right: auto;margin-top:20px;margin-bottom:20px;width:100%;\"><div class=\"fusion-separator-border sep-double sep-solid\" style=\"--awb-height:20px;--awb-amount:20px;--awb-sep-color:#ffffff;border-color:#ffffff;border-top-width:1px;border-bottom-width:1px;\"><\/div><\/div><\/div><\/div><\/div><\/div><\/p>\n","protected":false},"excerpt":{"rendered":"","protected":false},"author":1,"featured_media":0,"parent":0,"menu_order":0,"comment_status":"open","ping_status":"open","template":"100-width.php","meta":{"footnotes":""},"_links":{"self":[{"href":"https:\/\/rakuskopraca.sk\/ro\/wp-json\/wp\/v2\/pages\/533"}],"collection":[{"href":"https:\/\/rakuskopraca.sk\/ro\/wp-json\/wp\/v2\/pages"}],"about":[{"href":"https:\/\/rakuskopraca.sk\/ro\/wp-json\/wp\/v2\/types\/page"}],"author":[{"embeddable":true,"href":"https:\/\/rakuskopraca.sk\/ro\/wp-json\/wp\/v2\/users\/1"}],"replies":[{"embeddable":true,"href":"https:\/\/rakuskopraca.sk\/ro\/wp-json\/wp\/v2\/comments?post=533"}],"version-history":[{"count":9,"href":"https:\/\/rakuskopraca.sk\/ro\/wp-json\/wp\/v2\/pages\/533\/revisions"}],"predecessor-version":[{"id":2444,"href":"https:\/\/rakuskopraca.sk\/ro\/wp-json\/wp\/v2\/pages\/533\/revisions\/2444"}],"wp:attachment":[{"href":"https:\/\/rakuskopraca.sk\/ro\/wp-json\/wp\/v2\/media?parent=533"}],"curies":[{"name":"wp","href":"https:\/\/api.w.org\/{rel}","templated":true}]}}