{"id":510,"date":"2015-03-05T13:48:15","date_gmt":"2015-03-05T13:48:15","guid":{"rendered":"https:\/\/rakuskopraca.sk\/blog-2\/"},"modified":"2017-07-14T09:53:47","modified_gmt":"2017-07-14T07:53:47","slug":"blog-3","status":"publish","type":"page","link":"https:\/\/rakuskopraca.sk\/ro\/blog-3\/","title":{"rendered":"Blog"},"content":{"rendered":"<div class=\"fusion-fullwidth fullwidth-box fusion-builder-row-1 fusion-flex-container hundred-percent-fullwidth non-hundred-percent-height-scrolling\" style=\"--awb-border-radius-top-left:0px;--awb-border-radius-top-right:0px;--awb-border-radius-bottom-right:0px;--awb-border-radius-bottom-left:0px;--awb-overflow:visible;--awb-flex-wrap:wrap;\" ><div class=\"fusion-builder-row fusion-row fusion-flex-align-items-flex-start fusion-flex-content-wrap\" style=\"width:calc( 100% + 0px ) !important;max-width:calc( 100% + 0px ) !important;margin-left: calc(-0px \/ 2 );margin-right: calc(-0px \/ 2 );\"><div class=\"fusion-layout-column fusion_builder_column fusion-builder-column-0 fusion_builder_column_1_1 1_1 fusion-flex-column fusion-flex-align-self-flex-start fusion-column-no-min-height\" style=\"--awb-bg-size:cover;--awb-width-large:100%;--awb-margin-top-large:0px;--awb-spacing-right-large:0px;--awb-margin-bottom-large:0px;--awb-spacing-left-large:0px;--awb-width-medium:100%;--awb-spacing-right-medium:0px;--awb-spacing-left-medium:0px;--awb-width-small:100%;--awb-spacing-right-small:0px;--awb-spacing-left-small:0px;\"><div class=\"fusion-column-wrapper fusion-flex-justify-content-flex-start fusion-content-layout-column\"><div class=\"fusion-blog-shortcode fusion-blog-shortcode-1 fusion-blog-archive fusion-blog-layout-timeline-wrapper fusion-blog-pagination\"><div class=\"fusion-posts-container fusion-posts-container-pagination fusion-blog-rollover\" data-pages=\"3\"><div class=\"fusion-timeline-icon\"><i class=\"awb-icon-bubbles\" style=\"color:#ebeaea;\" aria-hidden=\"true\"><\/i><\/div><div class=\"fusion-blog-layout-timeline fusion-clearfix\"><div class=\"fusion-timeline-line\" style=\"border-left:1px solid #ebeaea;border-right:1px solid #ebeaea;\"><\/div><h3 class=\"fusion-timeline-date\" style=\"background-color:#ebeaea;\">martie 2015<\/h3><div class=\"fusion-collapse-month\"><article id=\"blog-1-post-716\" style=\"border-color:#ebeaea;\" class=\"fusion-post-timeline fusion-clearfix fusion-left-column post-716 post type-post status-publish format-standard hentry category-uncategorized\">\n<div class=\"fusion-post-wrapper\" style=\"background-color:rgba(255,255,255,0);\">\n\n<div class=\"fusion-post-content-wrapper\" style=\"padding:30px 25px 25px 25px;\"><div class=\"fusion-post-content post-content\"><div class=\"fusion-timeline-circle\" style=\"background-color:#ebeaea;\"><\/div><div class=\"fusion-timeline-arrow\" style=\"color:#ebeaea;\"><\/div><h2 class=\"blog-shortcode-post-title\"><a href=\"https:\/\/rakuskopraca.sk\/ro\/link-uri-interesante\/\">Link-uri interesante.<\/a><\/h2><p class=\"fusion-single-line-meta\">By <span><a href=\"https:\/\/rakuskopraca.sk\/ro\/author\/jana-varso\/\" title=\"Articole de Jana Var\u0161o\" rel=\"author\">Jana Var\u0161o<\/a><\/span><span class=\"fusion-inline-sep\">|<\/span><span>martie 18th, 2015<\/span><span class=\"fusion-inline-sep\">|<\/span>Categories: <a href=\"https:\/\/rakuskopraca.sk\/ro\/category\/uncategorized\/\" rel=\"category tag\">categoriile<\/a><span class=\"fusion-inline-sep\">|<\/span><\/p><div class=\"fusion-content-sep sep-double sep-solid\"><\/div><div class=\"fusion-post-content-container\"><p>Portalul de lucru -\u00a0 www.atena.sk Oferte de lucru -\u00a0https:\/\/www.atena.sk\/sk\/home Portalul slovac mobilitatii fortei de munca -\u00a0www.eures.sk Casa de pensii asigurari sociale -\u00a0www.socpoist.sk Mersul trenurilor\/autocarelor -\u00a0www.odchody.sk, www.cp.sk, www.travel.sk, www.cpzoznam.sk Casa de asigurari de sanatate -\u00a0www.vszp.sk, www.unionzp.sk,<\/p><\/div><\/div><div class=\"fusion-meta-info\"><div class=\"fusion-alignleft\"><a class=\"fusion-read-more\" href=\"https:\/\/rakuskopraca.sk\/ro\/link-uri-interesante\/\" aria-label=\"More on Link-uri interesante.\">Read More<\/a><\/div><div class=\"fusion-alignright\"><span>Comentariile sunt \u00eenchise<span class=\"screen-reader-text\"> pentru Link-uri interesante.<\/span><\/span><\/div><\/div><\/div><div class=\"fusion-clearfix\"><\/div><\/div>\n<\/article>\n<article id=\"blog-1-post-841\" style=\"border-color:#ebeaea;\" class=\"fusion-post-timeline fusion-clearfix fusion-right-column post-841 post type-post status-publish format-standard hentry category-uncategorized category-nezaradene\">\n<div class=\"fusion-post-wrapper\" style=\"background-color:rgba(255,255,255,0);\">\n\n<div class=\"fusion-post-content-wrapper\" style=\"padding:30px 25px 25px 25px;\"><div class=\"fusion-post-content post-content\"><div class=\"fusion-timeline-circle\" style=\"background-color:#ebeaea;\"><\/div><div class=\"fusion-timeline-arrow\" style=\"color:#ebeaea;\"><\/div><h2 class=\"blog-shortcode-post-title\"><a href=\"https:\/\/rakuskopraca.sk\/ro\/asigurarea-medicala-si-cardul-european-de-asigurare\/\">Asigurarea medicala si cardul european de asigurare.<\/a><\/h2><p class=\"fusion-single-line-meta\">By <span><a href=\"https:\/\/rakuskopraca.sk\/ro\/author\/jana-varso\/\" title=\"Articole de Jana Var\u0161o\" rel=\"author\">Jana Var\u0161o<\/a><\/span><span class=\"fusion-inline-sep\">|<\/span><span>martie 18th, 2015<\/span><span class=\"fusion-inline-sep\">|<\/span>Categories: <a href=\"https:\/\/rakuskopraca.sk\/ro\/category\/uncategorized\/\" rel=\"category tag\">categoriile<\/a>, <a href=\"https:\/\/rakuskopraca.sk\/category\/nezaradene\/\" rel=\"category tag\">Nezaraden\u00e9<\/a><span class=\"fusion-inline-sep\">|<\/span><\/p><div class=\"fusion-content-sep sep-double sep-solid\"><\/div><div class=\"fusion-post-content-container\"><p>Asigur\u0103ri de s\u0103n\u0103tate \u0219i cardul european de asigur\u0103ri sociale de s\u0103n\u0103tate Tar\u0103, care este responsabila pentru asiguararea dumneavoastr\u0103 sociala, inclusiv asigurarea de s\u0103n\u0103tate \u00een UE este determinat\u0103 de activitatea economic\u0103 \u0219i de locul dvs. de<\/p><\/div><\/div><div class=\"fusion-meta-info\"><div class=\"fusion-alignleft\"><a class=\"fusion-read-more\" href=\"https:\/\/rakuskopraca.sk\/ro\/asigurarea-medicala-si-cardul-european-de-asigurare\/\" aria-label=\"More on Asigurarea medicala si cardul european de asigurare.\">Read More<\/a><\/div><div class=\"fusion-alignright\"><span>Comentariile sunt \u00eenchise<span class=\"screen-reader-text\"> pentru Asigurarea medicala si cardul european de asigurare.<\/span><\/span><\/div><\/div><\/div><div class=\"fusion-clearfix\"><\/div><\/div>\n<\/article>\n<article id=\"blog-1-post-840\" style=\"border-color:#ebeaea;\" class=\"fusion-post-timeline fusion-clearfix fusion-left-column post-840 post type-post status-publish format-standard hentry category-uncategorized\">\n<div class=\"fusion-post-wrapper\" style=\"background-color:rgba(255,255,255,0);\">\n\n<div class=\"fusion-post-content-wrapper\" style=\"padding:30px 25px 25px 25px;\"><div class=\"fusion-post-content post-content\"><div class=\"fusion-timeline-circle\" style=\"background-color:#ebeaea;\"><\/div><div class=\"fusion-timeline-arrow\" style=\"color:#ebeaea;\"><\/div><h2 class=\"blog-shortcode-post-title\"><a href=\"https:\/\/rakuskopraca.sk\/ro\/prezentarea-formularelor-e-si-utilizarea-acestora\/\">Prezentarea formularelor E si utilizarea acestora.<\/a><\/h2><p class=\"fusion-single-line-meta\">By <span><a href=\"https:\/\/rakuskopraca.sk\/ro\/author\/jana-varso\/\" title=\"Articole de Jana Var\u0161o\" rel=\"author\">Jana Var\u0161o<\/a><\/span><span class=\"fusion-inline-sep\">|<\/span><span>martie 18th, 2015<\/span><span class=\"fusion-inline-sep\">|<\/span>Categories: <a href=\"https:\/\/rakuskopraca.sk\/ro\/category\/uncategorized\/\" rel=\"category tag\">categoriile<\/a><span class=\"fusion-inline-sep\">|<\/span><\/p><div class=\"fusion-content-sep sep-double sep-solid\"><\/div><div class=\"fusion-post-content-container\"><p>Prezentare general\u0103 a formularelor E \u0219i utilizarea acestora \u00a0 \u00cen acest articol, v\u0103 oferim o prezentare clar\u0103 a\u00a0formulalelor \u00a0E pentru securitatea social\u0103 \u00een contextul Uniunii Europene \u0219i Elve\u021biei. Dac\u0103 nu Va puteti descurca cu completarea<\/p><\/div><\/div><div class=\"fusion-meta-info\"><div class=\"fusion-alignleft\"><a class=\"fusion-read-more\" href=\"https:\/\/rakuskopraca.sk\/ro\/prezentarea-formularelor-e-si-utilizarea-acestora\/\" aria-label=\"More on Prezentarea formularelor E si utilizarea acestora.\">Read More<\/a><\/div><div class=\"fusion-alignright\"><span>Comentariile sunt \u00eenchise<span class=\"screen-reader-text\"> pentru Prezentarea formularelor E si utilizarea acestora.<\/span><\/span><\/div><\/div><\/div><div class=\"fusion-clearfix\"><\/div><\/div>\n<\/article>\n<article id=\"blog-1-post-844\" style=\"border-color:#ebeaea;\" class=\"fusion-post-timeline fusion-clearfix fusion-right-column post-844 post type-post status-publish format-standard hentry category-uncategorized\">\n<div class=\"fusion-post-wrapper\" style=\"background-color:rgba(255,255,255,0);\">\n\n<div class=\"fusion-post-content-wrapper\" style=\"padding:30px 25px 25px 25px;\"><div class=\"fusion-post-content post-content\"><div class=\"fusion-timeline-circle\" style=\"background-color:#ebeaea;\"><\/div><div class=\"fusion-timeline-arrow\" style=\"color:#ebeaea;\"><\/div><h2 class=\"blog-shortcode-post-title\"><a href=\"https:\/\/rakuskopraca.sk\/ro\/dubla-impunere\/\">Dubla impunere<\/a><\/h2><p class=\"fusion-single-line-meta\">By <span><a href=\"https:\/\/rakuskopraca.sk\/ro\/author\/jana-varso\/\" title=\"Articole de Jana Var\u0161o\" rel=\"author\">Jana Var\u0161o<\/a><\/span><span class=\"fusion-inline-sep\">|<\/span><span>martie 18th, 2015<\/span><span class=\"fusion-inline-sep\">|<\/span>Categories: <a href=\"https:\/\/rakuskopraca.sk\/ro\/category\/uncategorized\/\" rel=\"category tag\">categoriile<\/a><span class=\"fusion-inline-sep\">|<\/span><\/p><div class=\"fusion-content-sep sep-double sep-solid\"><\/div><div class=\"fusion-post-content-container\"><p>Dubla impunere Riscul dublei impuneri apare atunci cand veniturile au dreptul de a\u00a0impozita doua tari, de exemplu: locuiti intr-o tara UE, dar lucrati intr-o alta tara (lucrator frontalier), sunteti postat in strainatate pentru o\u00a0perioada scurta<\/p><\/div><\/div><div class=\"fusion-meta-info\"><div class=\"fusion-alignleft\"><a class=\"fusion-read-more\" href=\"https:\/\/rakuskopraca.sk\/ro\/dubla-impunere\/\" aria-label=\"More on Dubla impunere\">Read More<\/a><\/div><div class=\"fusion-alignright\"><span>Comentariile sunt \u00eenchise<span class=\"screen-reader-text\"> pentru Dubla impunere<\/span><\/span><\/div><\/div><\/div><div class=\"fusion-clearfix\"><\/div><\/div>\n<\/article>\n<article id=\"blog-1-post-306\" style=\"border-color:#ebeaea;\" class=\"fusion-post-timeline fusion-clearfix fusion-left-column post-306 post type-post status-publish format-standard hentry category-uncategorized category-nezaradene\">\n<div class=\"fusion-post-wrapper\" style=\"background-color:rgba(255,255,255,0);\">\n\n<div class=\"fusion-post-content-wrapper\" style=\"padding:30px 25px 25px 25px;\"><div class=\"fusion-post-content post-content\"><div class=\"fusion-timeline-circle\" style=\"background-color:#ebeaea;\"><\/div><div class=\"fusion-timeline-arrow\" style=\"color:#ebeaea;\"><\/div><h2 class=\"blog-shortcode-post-title\"><a href=\"https:\/\/rakuskopraca.sk\/ro\/ked-sa-chystate-do-zahranicia\/\">Ke\u010f sa chyst\u00e1te do zahrani\u010dia&#8230;.<\/a><\/h2><p class=\"fusion-single-line-meta\">By <span><a href=\"https:\/\/rakuskopraca.sk\/ro\/author\/jana-varso\/\" title=\"Articole de Jana Var\u0161o\" rel=\"author\">Jana Var\u0161o<\/a><\/span><span class=\"fusion-inline-sep\">|<\/span><span>martie 18th, 2015<\/span><span class=\"fusion-inline-sep\">|<\/span>Categories: <a href=\"https:\/\/rakuskopraca.sk\/ro\/category\/uncategorized\/\" rel=\"category tag\">categoriile<\/a>, <a href=\"https:\/\/rakuskopraca.sk\/category\/nezaradene\/\" rel=\"category tag\">Nezaraden\u00e9<\/a><span class=\"fusion-inline-sep\">|<\/span><\/p><div class=\"fusion-content-sep sep-double sep-solid\"><\/div><div class=\"fusion-post-content-container\"><p>Rozhodli ste sa pracova\u0165 v zahrani\u010d\u00ed a nie je v\u00e1m jasn\u00e9 \u010do v\u0161etko mus\u00edte vybavi\u0165? Ak je pre V\u00e1s behanie po \u00faradoch a vyp\u013a\u0148anie formul\u00e1rov stresuj\u00face, odpor\u00fa\u010dame V\u00e1m spo\u013eahn\u00fa\u0165 sa na\u00a0profesion\u00e1lnu person\u00e1lnu agent\u00faru, ktor\u00e1 v\u0161etko<\/p><\/div><\/div><div class=\"fusion-meta-info\"><div class=\"fusion-alignleft\"><a class=\"fusion-read-more\" href=\"https:\/\/rakuskopraca.sk\/ro\/ked-sa-chystate-do-zahranicia\/\" aria-label=\"More on Ke\u010f sa chyst\u00e1te do zahrani\u010dia&#8230;.\">Read More<\/a><\/div><div class=\"fusion-alignright\"><span>Comentariile sunt \u00eenchise<span class=\"screen-reader-text\"> pentru Ke\u010f sa chyst\u00e1te do zahrani\u010dia&#8230;.<\/span><\/span><\/div><\/div><\/div><div class=\"fusion-clearfix\"><\/div><\/div>\n<\/article>\n<article id=\"blog-1-post-795\" style=\"border-color:#ebeaea;\" class=\"fusion-post-timeline fusion-clearfix fusion-right-column post-795 post type-post status-publish format-standard hentry category-uncategorized\">\n<div class=\"fusion-post-wrapper\" style=\"background-color:rgba(255,255,255,0);\">\n\n<div class=\"fusion-post-content-wrapper\" style=\"padding:30px 25px 25px 25px;\"><div class=\"fusion-post-content post-content\"><div class=\"fusion-timeline-circle\" style=\"background-color:#ebeaea;\"><\/div><div class=\"fusion-timeline-arrow\" style=\"color:#ebeaea;\"><\/div><h2 class=\"blog-shortcode-post-title\"><a href=\"https:\/\/rakuskopraca.sk\/ro\/grija-pentru-parinti-si-copii-din-tara-si-din-europa\/\">Grija pentru parinti si copii din tara si din Europa.<\/a><\/h2><p class=\"fusion-single-line-meta\">By <span><a href=\"https:\/\/rakuskopraca.sk\/ro\/author\/jana-varso\/\" title=\"Articole de Jana Var\u0161o\" rel=\"author\">Jana Var\u0161o<\/a><\/span><span class=\"fusion-inline-sep\">|<\/span><span>martie 18th, 2015<\/span><span class=\"fusion-inline-sep\">|<\/span>Categories: <a href=\"https:\/\/rakuskopraca.sk\/ro\/category\/uncategorized\/\" rel=\"category tag\">categoriile<\/a><span class=\"fusion-inline-sep\">|<\/span><\/p><div class=\"fusion-content-sep sep-double sep-solid\"><\/div><div class=\"fusion-post-content-container\"><p>Concediul pentru cre\u0219terea copilului este in \u00a0mijloc fundamental pentru \u00eengrijirea copiilor mici.\u00a0Parametrii sale au un impact semnificativ asupra vie\u021bii p\u0103rin\u021bilor. Ce ofera acest concendiu si ce nu, depinde daca partenetii decid sa aiba un copil<\/p><\/div><\/div><div class=\"fusion-meta-info\"><div class=\"fusion-alignleft\"><a class=\"fusion-read-more\" href=\"https:\/\/rakuskopraca.sk\/ro\/grija-pentru-parinti-si-copii-din-tara-si-din-europa\/\" aria-label=\"More on Grija pentru parinti si copii din tara si din Europa.\">Read More<\/a><\/div><div class=\"fusion-alignright\"><span>Comentariile sunt \u00eenchise<span class=\"screen-reader-text\"> pentru Grija pentru parinti si copii din tara si din Europa.<\/span><\/span><\/div><\/div><\/div><div class=\"fusion-clearfix\"><\/div><\/div>\n<\/article>\n<\/div><\/div><\/div><div class=\"pagination clearfix\"><span class=\"current\">1<\/span><a href=\"https:\/\/rakuskopraca.sk\/ro\/wp-json\/wp\/v2\/pages\/510\/page\/2\/\" class=\"inactive\">2<\/a><a class=\"pagination-next\" rel=\"next\" href=\"https:\/\/rakuskopraca.sk\/ro\/wp-json\/wp\/v2\/pages\/510\/page\/2\/\"><span class=\"page-text\">Next<\/span><span class=\"page-next\"><\/span><\/a><\/div><div class=\"fusion-clearfix\"><\/div><\/div><\/div><\/div><\/div><\/div>\n","protected":false},"excerpt":{"rendered":"","protected":false},"author":1,"featured_media":0,"parent":0,"menu_order":0,"comment_status":"open","ping_status":"open","template":"","meta":{"footnotes":""},"_links":{"self":[{"href":"https:\/\/rakuskopraca.sk\/ro\/wp-json\/wp\/v2\/pages\/510"}],"collection":[{"href":"https:\/\/rakuskopraca.sk\/ro\/wp-json\/wp\/v2\/pages"}],"about":[{"href":"https:\/\/rakuskopraca.sk\/ro\/wp-json\/wp\/v2\/types\/page"}],"author":[{"embeddable":true,"href":"https:\/\/rakuskopraca.sk\/ro\/wp-json\/wp\/v2\/users\/1"}],"replies":[{"embeddable":true,"href":"https:\/\/rakuskopraca.sk\/ro\/wp-json\/wp\/v2\/comments?post=510"}],"version-history":[{"count":2,"href":"https:\/\/rakuskopraca.sk\/ro\/wp-json\/wp\/v2\/pages\/510\/revisions"}],"predecessor-version":[{"id":2354,"href":"https:\/\/rakuskopraca.sk\/ro\/wp-json\/wp\/v2\/pages\/510\/revisions\/2354"}],"wp:attachment":[{"href":"https:\/\/rakuskopraca.sk\/ro\/wp-json\/wp\/v2\/media?parent=510"}],"curies":[{"name":"wp","href":"https:\/\/api.w.org\/{rel}","templated":true}]}}