{"id":532,"date":"2015-03-11T08:33:49","date_gmt":"2015-03-11T07:33:49","guid":{"rendered":"https:\/\/rakuskopraca.sk\/danove-priznanie-bezplatne-2\/"},"modified":"2017-07-14T09:53:47","modified_gmt":"2017-07-14T07:53:47","slug":"danove-priznanie-bezplatne-6","status":"publish","type":"page","link":"https:\/\/rakuskopraca.sk\/pl\/danove-priznanie-bezplatne-6\/","title":{"rendered":"O nas"},"content":{"rendered":"<p><div class=\"fusion-fullwidth fullwidth-box fusion-builder-row-1 fusion-flex-container nonhundred-percent-fullwidth non-hundred-percent-height-scrolling\" style=\"--awb-background-position:left top;--awb-border-radius-top-left:0px;--awb-border-radius-top-right:0px;--awb-border-radius-bottom-right:0px;--awb-border-radius-bottom-left:0px;--awb-padding-top:20px;--awb-padding-bottom:20px;--awb-border-sizes-top:0px;--awb-border-sizes-bottom:0px;--awb-flex-wrap:wrap;\" ><div class=\"fusion-builder-row fusion-row fusion-flex-align-items-flex-start fusion-flex-content-wrap\" style=\"max-width:calc( 1100px + 0px );margin-left: calc(-0px \/ 2 );margin-right: calc(-0px \/ 2 );\"><div class=\"fusion-layout-column fusion_builder_column fusion-builder-column-0 fusion_builder_column_1_1 1_1 fusion-flex-column fusion-flex-align-self-flex-start fusion-column-no-min-height\" style=\"--awb-bg-size:cover;--awb-width-large:100%;--awb-margin-top-large:0px;--awb-spacing-right-large:0px;--awb-margin-bottom-large:0px;--awb-spacing-left-large:0px;--awb-width-medium:100%;--awb-spacing-right-medium:0px;--awb-spacing-left-medium:0px;--awb-width-small:100%;--awb-spacing-right-small:0px;--awb-spacing-left-small:0px;\"><div class=\"fusion-column-wrapper fusion-flex-justify-content-flex-start fusion-content-layout-column\"><div class=\"fusion-text fusion-text-1\"><h1><strong>Austria z\u00a0mocnym s\u0142owackim partnerem<\/strong><\/h1>\n<p>Pracuje Pa\u0144stwo w Austrii na dzia\u0142alno\u015b\u0107 lub jako opiekunka? Ch\u0119tnie za Pa\u0144stwo za\u0142atwimy rozliczenia podatkowe oraz inne potrzebne dokumenty formalne.<\/p>\n<h2><strong>Pod skrzyd<\/strong><strong>\u0142ami du\u017cej sp\u00f3\u0142ki personalnej<\/strong><\/h2>\n<p>Rakuskopraca.sk jest\u00a0<strong>sp\u00f3\u0142k\u0105 c\u00f3rk\u0105 nale\u017c\u0105c\u0105 do grupy Atena<\/strong>. Wiemy, czego nasi klienci w Austrii potrzebuj\u0105, w\u0142a\u015bnie z\u00a0tego powodu proponujemy im <strong>specjalny pakiet us\u0142ug<\/strong>. Atena ma solidn\u0105, <strong>ponad 100-osobow\u0105 ekip\u0119 pracownik\u00f3w<\/strong> oraz liczn\u0105 sekcj\u0119 ekonomiczn\u0105, w kt\u00f3rej ponad 20 os\u00f3b zajmuje si\u0119 rozliczeniami podatkowymi os\u00f3b pracuj\u0105cych na dzia\u0142alno\u015b\u0107 gospodarcz\u0105 w Austrii. Zaufa\u0142o nam ju\u017c <strong>150 000 klient\u00f3w<\/strong> i\u00a0b\u0119dzie nam mi\u0142o, je\u017celi do ich grona do\u0142\u0105czy r\u00f3wnie\u017c Pa\u0144stwo.<\/p>\n<h2><strong>Do\u015bwiadczenia Pa\u0144stwu oszcz\u0119dz\u0105 czas i b\u0142\u0119dy<\/strong><\/h2>\n<p>Naszym atutem s\u0105 szczeg\u00f3lnie <strong>d\u0142ugoletnie do\u015bwiadczenia <\/strong>oraz zdolno\u015b\u0107 orientacji w skomplikowanych przepisach i ustawach. Nie musicie si\u0119 sami trudzi\u0107 z\u00a0dokumentami i\u00a0podatkami, z nami to p\u00f3jdzie szybciej i\u00a0bezb\u0142\u0119dnie.<\/p>\n<h2><strong>Jeste\u015bmy tylko kawa\u0142ek od Pa\u0144stwa<\/strong><\/h2>\n<p>Je\u015bli chcecie do nas przyj\u015b\u0107 osobi\u015bcie, mo\u017cna nas znale\u017a\u0107 w Ba\u0107skiej Bystrzycy, w Bratys\u0142awie, Koszycach oraz w Revucej. Od naszej ekipy fachowc\u00f3w jeste\u015bcie zawsze tylko na skok.<\/p>\n<\/div><\/div><\/div><\/div><\/div><div class=\"fusion-fullwidth fullwidth-box fusion-builder-row-2 fusion-flex-container fusion-parallax-fixed hide-it nonhundred-percent-fullwidth non-hundred-percent-height-scrolling\" style=\"--awb-border-radius-top-left:0px;--awb-border-radius-top-right:0px;--awb-border-radius-bottom-right:0px;--awb-border-radius-bottom-left:0px;--awb-padding-top:20px;--awb-padding-bottom:30px;--awb-background-image:url(&quot;https:\/\/rakuskopraca.sk\/wp-content\/uploads\/2015\/03\/bg-t-2.jpg&quot;);--awb-background-size:cover;--awb-border-sizes-top:0px;--awb-border-sizes-bottom:0px;--awb-flex-wrap:wrap;background-attachment:fixed;\" ><div class=\"fusion-builder-row fusion-row fusion-flex-align-items-flex-start fusion-flex-content-wrap\" style=\"max-width:1144px;margin-left: calc(-4% \/ 2 );margin-right: calc(-4% \/ 2 );\"><div class=\"fusion-layout-column fusion_builder_column fusion-builder-column-1 fusion_builder_column_1_1 1_1 fusion-flex-column fusion-flex-align-self-flex-start fusion-column-no-min-height\" style=\"--awb-bg-size:cover;--awb-width-large:100%;--awb-margin-top-large:0px;--awb-spacing-right-large:1.92%;--awb-margin-bottom-large:0px;--awb-spacing-left-large:1.92%;--awb-width-medium:100%;--awb-spacing-right-medium:1.92%;--awb-spacing-left-medium:1.92%;--awb-width-small:100%;--awb-spacing-right-small:1.92%;--awb-spacing-left-small:1.92%;\"><div class=\"fusion-column-wrapper fusion-flex-justify-content-flex-start fusion-content-layout-column\"><div class=\"fusion-text fusion-text-2\"><h1 style=\"text-align: center;\"><span style=\"color: #ffffff;\">Zarejestrujcie si\u0119 jeszcze dzisiaj i uzyskajcie pe\u0142ny dost\u0119p do dokument\u00f3w i druk\u00f3w do pobrania ca\u0142kowicie zadarmo<\/span><\/h1>\n<\/div><\/div><\/div><div class=\"fusion-layout-column fusion_builder_column fusion-builder-column-2 fusion_builder_column_2_5 2_5 fusion-flex-column\" style=\"--awb-bg-size:cover;--awb-width-large:40%;--awb-margin-top-large:0px;--awb-spacing-right-large:4.8%;--awb-margin-bottom-large:20px;--awb-spacing-left-large:4.8%;--awb-width-medium:40%;--awb-spacing-right-medium:4.8%;--awb-spacing-left-medium:4.8%;--awb-width-small:100%;--awb-spacing-right-small:1.92%;--awb-spacing-left-small:1.92%;\"><div class=\"fusion-column-wrapper fusion-flex-justify-content-flex-start fusion-content-layout-column\"><div class=\"fusion-separator fusion-full-width-sep\" style=\"align-self: center;margin-left: auto;margin-right: auto;margin-top:20px;margin-bottom:20px;width:100%;\"><div class=\"fusion-separator-border sep-double sep-solid\" style=\"--awb-height:20px;--awb-amount:20px;--awb-sep-color:#ffffff;border-color:#ffffff;border-top-width:1px;border-bottom-width:1px;\"><\/div><\/div><\/div><\/div><div class=\"fusion-layout-column fusion_builder_column fusion-builder-column-3 fusion_builder_column_1_5 1_5 fusion-flex-column\" style=\"--awb-bg-size:cover;--awb-width-large:20%;--awb-margin-top-large:0px;--awb-spacing-right-large:9.6%;--awb-margin-bottom-large:20px;--awb-spacing-left-large:9.6%;--awb-width-medium:20%;--awb-spacing-right-medium:9.6%;--awb-spacing-left-medium:9.6%;--awb-width-small:100%;--awb-spacing-right-small:1.92%;--awb-spacing-left-small:1.92%;\"><div class=\"fusion-column-wrapper fusion-flex-justify-content-flex-start fusion-content-layout-column\"><div style=\"text-align:center;\"><a class=\"fusion-button button-flat button-xlarge button-custom fusion-button-default button-1 fusion-button-default-span fusion-has-button-gradient\" style=\"--button_accent_color:#ffffff;--button_accent_hover_color:#000000;--button_border_hover_color:#000000;--button_border_width-top:1px;--button_border_width-right:1px;--button_border_width-bottom:1px;--button_border_width-left:1px;--button_gradient_top_color:#e80707;--button_gradient_bottom_color:#d60707;--button_gradient_top_color_hover:#d60707;--button_gradient_bottom_color_hover:#e80707;\" target=\"_self\" href=\"https:\/\/rakuskopraca.sk\/?page_id=296\"><span class=\"fusion-button-text\">Rejestrowa\u0107<\/span><\/a><\/div><\/div><\/div><div class=\"fusion-layout-column fusion_builder_column fusion-builder-column-4 fusion_builder_column_2_5 2_5 fusion-flex-column\" style=\"--awb-bg-size:cover;--awb-width-large:40%;--awb-margin-top-large:0px;--awb-spacing-right-large:4.8%;--awb-margin-bottom-large:20px;--awb-spacing-left-large:4.8%;--awb-width-medium:40%;--awb-spacing-right-medium:4.8%;--awb-spacing-left-medium:4.8%;--awb-width-small:100%;--awb-spacing-right-small:1.92%;--awb-spacing-left-small:1.92%;\"><div class=\"fusion-column-wrapper fusion-flex-justify-content-flex-start fusion-content-layout-column\"><div class=\"fusion-separator fusion-full-width-sep\" style=\"align-self: center;margin-left: auto;margin-right: auto;margin-top:20px;margin-bottom:20px;width:100%;\"><div class=\"fusion-separator-border sep-double sep-solid\" style=\"--awb-height:20px;--awb-amount:20px;--awb-sep-color:#ffffff;border-color:#ffffff;border-top-width:1px;border-bottom-width:1px;\"><\/div><\/div><\/div><\/div><\/div><\/div><\/p>\n","protected":false},"excerpt":{"rendered":"","protected":false},"author":1,"featured_media":0,"parent":0,"menu_order":0,"comment_status":"open","ping_status":"open","template":"100-width.php","meta":{"footnotes":""},"_links":{"self":[{"href":"https:\/\/rakuskopraca.sk\/pl\/wp-json\/wp\/v2\/pages\/532"}],"collection":[{"href":"https:\/\/rakuskopraca.sk\/pl\/wp-json\/wp\/v2\/pages"}],"about":[{"href":"https:\/\/rakuskopraca.sk\/pl\/wp-json\/wp\/v2\/types\/page"}],"author":[{"embeddable":true,"href":"https:\/\/rakuskopraca.sk\/pl\/wp-json\/wp\/v2\/users\/1"}],"replies":[{"embeddable":true,"href":"https:\/\/rakuskopraca.sk\/pl\/wp-json\/wp\/v2\/comments?post=532"}],"version-history":[{"count":4,"href":"https:\/\/rakuskopraca.sk\/pl\/wp-json\/wp\/v2\/pages\/532\/revisions"}],"predecessor-version":[{"id":2350,"href":"https:\/\/rakuskopraca.sk\/pl\/wp-json\/wp\/v2\/pages\/532\/revisions\/2350"}],"wp:attachment":[{"href":"https:\/\/rakuskopraca.sk\/pl\/wp-json\/wp\/v2\/media?parent=532"}],"curies":[{"name":"wp","href":"https:\/\/api.w.org\/{rel}","templated":true}]}}