{"id":531,"date":"2015-03-11T08:33:49","date_gmt":"2015-03-11T08:33:49","guid":{"rendered":"https:\/\/rakuskopraca.sk\/danove-priznanie-bezplatne-2\/"},"modified":"2017-07-14T09:53:47","modified_gmt":"2017-07-14T07:53:47","slug":"danove-priznanie-bezplatne-5","status":"publish","type":"page","link":"https:\/\/rakuskopraca.sk\/hu\/danove-priznanie-bezplatne-5\/","title":{"rendered":"O n\u00e1s"},"content":{"rendered":"<p><div class=\"fusion-fullwidth fullwidth-box fusion-builder-row-1 fusion-flex-container nonhundred-percent-fullwidth non-hundred-percent-height-scrolling\" style=\"--awb-background-position:left top;--awb-border-radius-top-left:0px;--awb-border-radius-top-right:0px;--awb-border-radius-bottom-right:0px;--awb-border-radius-bottom-left:0px;--awb-padding-top:20px;--awb-padding-bottom:20px;--awb-border-sizes-top:0px;--awb-border-sizes-bottom:0px;--awb-flex-wrap:wrap;\" ><div class=\"fusion-builder-row fusion-row fusion-flex-align-items-flex-start fusion-flex-content-wrap\" style=\"max-width:calc( 1100px + 0px );margin-left: calc(-0px \/ 2 );margin-right: calc(-0px \/ 2 );\"><div class=\"fusion-layout-column fusion_builder_column fusion-builder-column-0 fusion_builder_column_1_1 1_1 fusion-flex-column fusion-flex-align-self-flex-start fusion-column-no-min-height\" style=\"--awb-bg-size:cover;--awb-width-large:100%;--awb-margin-top-large:0px;--awb-spacing-right-large:0px;--awb-margin-bottom-large:0px;--awb-spacing-left-large:0px;--awb-width-medium:100%;--awb-spacing-right-medium:0px;--awb-spacing-left-medium:0px;--awb-width-small:100%;--awb-spacing-right-small:0px;--awb-spacing-left-small:0px;\"><div class=\"fusion-column-wrapper fusion-flex-justify-content-flex-start fusion-content-layout-column\"><div class=\"fusion-text fusion-text-1\"><h1><strong>Rak\u00fasko so siln\u00fdm slovensk\u00fdm partnerom<\/strong><\/h1>\n<p>Pracujete v Rak\u00fasku ako \u017eivnostn\u00edk alebo opatrovate\u013eka? Radi za v\u00e1s vybav\u00edme da\u0148ov\u00e9 priznania a in\u00e9 potrebn\u00e9 \u00faradn\u00e9 formality.<\/p>\n<h2><strong>Pod kr\u00eddlami ve\u013ekej person\u00e1lnej spolo\u010dnosti<\/strong><\/h2>\n<p>Rakuskopraca.sk je <strong>dc\u00e9rska spolo\u010dnos\u0165 patriaca do skupiny Atena<\/strong>. Vieme, \u010do na\u0161i klienti v Rak\u00fasku potrebuj\u00fa, pr\u00e1ve preto sme sa rozhodli pon\u00faknu\u0165 im <strong>\u0161peci\u00e1lny bal\u00ed\u010dek slu\u017eieb<\/strong>. Atena m\u00e1 <strong>viac ako 100-\u010dlenn\u00fd t\u00edm<\/strong> a ve\u013ek\u00e9 ekonomick\u00e9 oddelenie, kde sa viac ako 20 \u013eud\u00ed venuje najm\u00e4 da\u0148ov\u00fdm priznaniam \u017eivnostn\u00edkov z Rak\u00faska. Celkovo n\u00e1m d\u00f4veruje u\u017e <strong>150 000 klientov<\/strong>. Ak potrebujete pom\u00f4c\u0165 s \u00faradmi v Rak\u00fasku, radi pom\u00f4\u017eeme aj v\u00e1m.<\/p>\n<h2><strong>Sk\u00fasenosti v\u00e1m u\u0161etria \u010das i chyby<\/strong><\/h2>\n<p>V n\u00e1\u0161 prospech hovoria hlavne <strong>dlhoro\u010dn\u00e9 sk\u00fasenosti<\/strong> a schopnos\u0165 orientova\u0165 sa v zlo\u017eit\u00fdch z\u00e1konoch a predpisoch. Netr\u00e1pte sa zbyto\u010dne s dokladmi a da\u0148ami sami, s nami to p\u00f4jde r\u00fdchlej\u0161ie a bez ch\u00fdb.<\/p>\n<h2><strong>Sme len k\u00fasok od v\u00e1s<\/strong><\/h2>\n<p>Ak n\u00e1s chcete nav\u0161t\u00edvi\u0165 osobne, n\u00e1jdete n\u00e1s v Banskej Bystrici, v Bratislave, Ko\u0161iciach aj v Rev\u00facej. Od n\u00e1\u0161ho odborn\u00e9ho t\u00edmu ste v\u017edy len na skok.<\/p>\n<\/div><\/div><\/div><\/div><\/div><div class=\"fusion-fullwidth fullwidth-box fusion-builder-row-2 fusion-flex-container fusion-parallax-fixed hide-it nonhundred-percent-fullwidth non-hundred-percent-height-scrolling\" style=\"--awb-border-radius-top-left:0px;--awb-border-radius-top-right:0px;--awb-border-radius-bottom-right:0px;--awb-border-radius-bottom-left:0px;--awb-padding-top:20px;--awb-padding-bottom:30px;--awb-background-image:url(&quot;https:\/\/rakuskopraca.sk\/wp-content\/uploads\/2015\/03\/bg-t-2.jpg&quot;);--awb-background-size:cover;--awb-border-sizes-top:0px;--awb-border-sizes-bottom:0px;--awb-flex-wrap:wrap;background-attachment:fixed;\" ><div class=\"fusion-builder-row fusion-row fusion-flex-align-items-flex-start fusion-flex-content-wrap\" style=\"max-width:1144px;margin-left: calc(-4% \/ 2 );margin-right: calc(-4% \/ 2 );\"><div class=\"fusion-layout-column fusion_builder_column fusion-builder-column-1 fusion_builder_column_1_1 1_1 fusion-flex-column fusion-flex-align-self-flex-start fusion-column-no-min-height\" style=\"--awb-bg-size:cover;--awb-width-large:100%;--awb-margin-top-large:0px;--awb-spacing-right-large:1.92%;--awb-margin-bottom-large:0px;--awb-spacing-left-large:1.92%;--awb-width-medium:100%;--awb-spacing-right-medium:1.92%;--awb-spacing-left-medium:1.92%;--awb-width-small:100%;--awb-spacing-right-small:1.92%;--awb-spacing-left-small:1.92%;\"><div class=\"fusion-column-wrapper fusion-flex-justify-content-flex-start fusion-content-layout-column\"><div class=\"fusion-text fusion-text-2\"><h1 style=\"text-align: center;\"><span style=\"color: #ffffff;\">Zaregistrujte sa e\u0161te dnes a z\u00edskajte pln\u00fd pr\u00edstup k dokumentom a podkladom na stiahnutie \u00faplne zadarmo<\/span><\/h1>\n<\/div><\/div><\/div><div class=\"fusion-layout-column fusion_builder_column fusion-builder-column-2 fusion_builder_column_2_5 2_5 fusion-flex-column\" style=\"--awb-bg-size:cover;--awb-width-large:40%;--awb-margin-top-large:0px;--awb-spacing-right-large:4.8%;--awb-margin-bottom-large:20px;--awb-spacing-left-large:4.8%;--awb-width-medium:40%;--awb-spacing-right-medium:4.8%;--awb-spacing-left-medium:4.8%;--awb-width-small:100%;--awb-spacing-right-small:1.92%;--awb-spacing-left-small:1.92%;\"><div class=\"fusion-column-wrapper fusion-flex-justify-content-flex-start fusion-content-layout-column\"><div class=\"fusion-separator fusion-full-width-sep\" style=\"align-self: center;margin-left: auto;margin-right: auto;margin-top:20px;margin-bottom:20px;width:100%;\"><div class=\"fusion-separator-border sep-double sep-solid\" style=\"--awb-height:20px;--awb-amount:20px;--awb-sep-color:#ffffff;border-color:#ffffff;border-top-width:1px;border-bottom-width:1px;\"><\/div><\/div><\/div><\/div><div class=\"fusion-layout-column fusion_builder_column fusion-builder-column-3 fusion_builder_column_1_5 1_5 fusion-flex-column\" style=\"--awb-bg-size:cover;--awb-width-large:20%;--awb-margin-top-large:0px;--awb-spacing-right-large:9.6%;--awb-margin-bottom-large:20px;--awb-spacing-left-large:9.6%;--awb-width-medium:20%;--awb-spacing-right-medium:9.6%;--awb-spacing-left-medium:9.6%;--awb-width-small:100%;--awb-spacing-right-small:1.92%;--awb-spacing-left-small:1.92%;\"><div class=\"fusion-column-wrapper fusion-flex-justify-content-flex-start fusion-content-layout-column\"><div style=\"text-align:center;\"><a class=\"fusion-button button-flat button-xlarge button-custom fusion-button-default button-1 fusion-button-default-span fusion-has-button-gradient\" style=\"--button_accent_color:#ffffff;--button_accent_hover_color:#000000;--button_border_hover_color:#000000;--button_border_width-top:1px;--button_border_width-right:1px;--button_border_width-bottom:1px;--button_border_width-left:1px;--button_gradient_top_color:#e80707;--button_gradient_bottom_color:#d60707;--button_gradient_top_color_hover:#d60707;--button_gradient_bottom_color_hover:#e80707;\" target=\"_self\" href=\"https:\/\/rakuskopraca.sk\/?page_id=296\"><span class=\"fusion-button-text\">Registrova\u0165<\/span><\/a><\/div><\/div><\/div><div class=\"fusion-layout-column fusion_builder_column fusion-builder-column-4 fusion_builder_column_2_5 2_5 fusion-flex-column\" style=\"--awb-bg-size:cover;--awb-width-large:40%;--awb-margin-top-large:0px;--awb-spacing-right-large:4.8%;--awb-margin-bottom-large:20px;--awb-spacing-left-large:4.8%;--awb-width-medium:40%;--awb-spacing-right-medium:4.8%;--awb-spacing-left-medium:4.8%;--awb-width-small:100%;--awb-spacing-right-small:1.92%;--awb-spacing-left-small:1.92%;\"><div class=\"fusion-column-wrapper fusion-flex-justify-content-flex-start fusion-content-layout-column\"><div class=\"fusion-separator fusion-full-width-sep\" style=\"align-self: center;margin-left: auto;margin-right: auto;margin-top:20px;margin-bottom:20px;width:100%;\"><div class=\"fusion-separator-border sep-double sep-solid\" style=\"--awb-height:20px;--awb-amount:20px;--awb-sep-color:#ffffff;border-color:#ffffff;border-top-width:1px;border-bottom-width:1px;\"><\/div><\/div><\/div><\/div><\/div><\/div><\/p>\n","protected":false},"excerpt":{"rendered":"","protected":false},"author":1,"featured_media":0,"parent":0,"menu_order":0,"comment_status":"open","ping_status":"open","template":"100-width.php","meta":{"footnotes":""},"_links":{"self":[{"href":"https:\/\/rakuskopraca.sk\/hu\/wp-json\/wp\/v2\/pages\/531"}],"collection":[{"href":"https:\/\/rakuskopraca.sk\/hu\/wp-json\/wp\/v2\/pages"}],"about":[{"href":"https:\/\/rakuskopraca.sk\/hu\/wp-json\/wp\/v2\/types\/page"}],"author":[{"embeddable":true,"href":"https:\/\/rakuskopraca.sk\/hu\/wp-json\/wp\/v2\/users\/1"}],"replies":[{"embeddable":true,"href":"https:\/\/rakuskopraca.sk\/hu\/wp-json\/wp\/v2\/comments?post=531"}],"version-history":[{"count":4,"href":"https:\/\/rakuskopraca.sk\/hu\/wp-json\/wp\/v2\/pages\/531\/revisions"}],"predecessor-version":[{"id":2443,"href":"https:\/\/rakuskopraca.sk\/hu\/wp-json\/wp\/v2\/pages\/531\/revisions\/2443"}],"wp:attachment":[{"href":"https:\/\/rakuskopraca.sk\/hu\/wp-json\/wp\/v2\/media?parent=531"}],"curies":[{"name":"wp","href":"https:\/\/api.w.org\/{rel}","templated":true}]}}