{"id":508,"date":"2015-03-05T13:48:15","date_gmt":"2015-03-05T13:48:15","guid":{"rendered":"https:\/\/rakuskopraca.sk\/blog-2\/"},"modified":"2017-07-14T09:53:47","modified_gmt":"2017-07-14T07:53:47","slug":"blog-5","status":"publish","type":"page","link":"https:\/\/rakuskopraca.sk\/hu\/blog-5\/","title":{"rendered":"Blog"},"content":{"rendered":"<div class=\"fusion-fullwidth fullwidth-box fusion-builder-row-1 fusion-flex-container hundred-percent-fullwidth non-hundred-percent-height-scrolling\" style=\"--awb-border-radius-top-left:0px;--awb-border-radius-top-right:0px;--awb-border-radius-bottom-right:0px;--awb-border-radius-bottom-left:0px;--awb-overflow:visible;--awb-flex-wrap:wrap;\" ><div class=\"fusion-builder-row fusion-row fusion-flex-align-items-flex-start fusion-flex-content-wrap\" style=\"width:calc( 100% + 0px ) !important;max-width:calc( 100% + 0px ) !important;margin-left: calc(-0px \/ 2 );margin-right: calc(-0px \/ 2 );\"><div class=\"fusion-layout-column fusion_builder_column fusion-builder-column-0 fusion_builder_column_1_1 1_1 fusion-flex-column fusion-flex-align-self-flex-start fusion-column-no-min-height\" style=\"--awb-bg-size:cover;--awb-width-large:100%;--awb-margin-top-large:0px;--awb-spacing-right-large:0px;--awb-margin-bottom-large:0px;--awb-spacing-left-large:0px;--awb-width-medium:100%;--awb-spacing-right-medium:0px;--awb-spacing-left-medium:0px;--awb-width-small:100%;--awb-spacing-right-small:0px;--awb-spacing-left-small:0px;\"><div class=\"fusion-column-wrapper fusion-flex-justify-content-flex-start fusion-content-layout-column\"><div class=\"fusion-blog-shortcode fusion-blog-shortcode-1 fusion-blog-archive fusion-blog-layout-timeline-wrapper fusion-blog-pagination\"><div class=\"fusion-posts-container fusion-posts-container-pagination fusion-blog-rollover\" data-pages=\"3\"><div class=\"fusion-timeline-icon\"><i class=\"awb-icon-bubbles\" style=\"color:#ebeaea;\" aria-hidden=\"true\"><\/i><\/div><div class=\"fusion-blog-layout-timeline fusion-clearfix\"><div class=\"fusion-timeline-line\" style=\"border-left:1px solid #ebeaea;border-right:1px solid #ebeaea;\"><\/div><h3 class=\"fusion-timeline-date\" style=\"background-color:#ebeaea;\">m\u00e1rcius 2015<\/h3><div class=\"fusion-collapse-month\"><article id=\"blog-1-post-793\" style=\"border-color:#ebeaea;\" class=\"fusion-post-timeline fusion-clearfix fusion-left-column post-793 post type-post status-publish format-standard hentry category-nincs-kategorizalva\">\n<div class=\"fusion-post-wrapper\" style=\"background-color:rgba(255,255,255,0);\">\n\n<div class=\"fusion-post-content-wrapper\" style=\"padding:30px 25px 25px 25px;\"><div class=\"fusion-post-content post-content\"><div class=\"fusion-timeline-circle\" style=\"background-color:#ebeaea;\"><\/div><div class=\"fusion-timeline-arrow\" style=\"color:#ebeaea;\"><\/div><h2 class=\"blog-shortcode-post-title\"><a href=\"https:\/\/rakuskopraca.sk\/hu\/erdekes-linkek\/\">\u00c9rdekes linkek<\/a><\/h2><p class=\"fusion-single-line-meta\">By <span><a href=\"https:\/\/rakuskopraca.sk\/hu\/author\/jana-varso\/\" title=\"Jana Var\u0161o bejegyz\u00e9se\" rel=\"author\">Jana Var\u0161o<\/a><\/span><span class=\"fusion-inline-sep\">|<\/span><span>m\u00e1rcius 18th, 2015<\/span><span class=\"fusion-inline-sep\">|<\/span>Categories: <a href=\"https:\/\/rakuskopraca.sk\/hu\/category\/nincs-kategorizalva\/\" rel=\"category tag\">Nincs kategoriz\u00e1lva<\/a><span class=\"fusion-inline-sep\">|<\/span><\/p><div class=\"fusion-content-sep sep-double sep-solid\"><\/div><div class=\"fusion-post-content-container\"><p>Munka Portal - www.atena.sk \u00c1ll\u00e1saj\u00e1nlatok\u00a0 - https:\/\/www.atena.sk\/sk\/home Szlov\u00e1k foglalkoztat\u00e1si mobilit\u00e1s port\u00e1lja - www.eures.sk T\u00e1rsadalombiztos\u00edt\u00e1s - www.socpoist.sk Menetrend - www.odchody.sk,\u00a0www.cp.sk,\u00a0www.travel.sk,\u00a0www.cpzoznam.sk Eg\u00e9szs\u00e9gbiztos\u00edt\u00e1s - www.vszp.sk,\u00a0www.unionzp.sk,\u00a0www.ezp.sk,\u00a0www.dovera.sk, Az Oktat\u00e1si Miniszt\u00e9rium\/k\u00e9pes\u00edt\u00e9sek elismer\u00e9se - www.minedu.sk Az Eg\u00e9szs\u00e9g\u00fcgyi Fel\u00fcgyeleti hivatal - www.udzs.sk A<\/p><\/div><\/div><div class=\"fusion-meta-info\"><div class=\"fusion-alignleft\"><a class=\"fusion-read-more\" href=\"https:\/\/rakuskopraca.sk\/hu\/erdekes-linkek\/\" aria-label=\"More on \u00c9rdekes linkek\">Read More<\/a><\/div><div class=\"fusion-alignright\"><span><span class=\"screen-reader-text\"> \u00c9rdekes linkek bejegyz\u00e9shez<\/span> a hozz\u00e1sz\u00f3l\u00e1sok lehet\u0151s\u00e9ge kikapcsolva<\/span><\/div><\/div><\/div><div class=\"fusion-clearfix\"><\/div><\/div>\n<\/article>\n<article id=\"blog-1-post-792\" style=\"border-color:#ebeaea;\" class=\"fusion-post-timeline fusion-clearfix fusion-right-column post-792 post type-post status-publish format-standard hentry category-nincs-kategorizalva\">\n<div class=\"fusion-post-wrapper\" style=\"background-color:rgba(255,255,255,0);\">\n\n<div class=\"fusion-post-content-wrapper\" style=\"padding:30px 25px 25px 25px;\"><div class=\"fusion-post-content post-content\"><div class=\"fusion-timeline-circle\" style=\"background-color:#ebeaea;\"><\/div><div class=\"fusion-timeline-arrow\" style=\"color:#ebeaea;\"><\/div><h2 class=\"blog-shortcode-post-title\"><a href=\"https:\/\/rakuskopraca.sk\/hu\/az-egeszsegbiztositasi-es-az-europai-egeszsegbiztositasi-kartya\/\">Az eg\u00e9szs\u00e9gbiztos\u00edt\u00e1si \u00e9s az Eur\u00f3pai Eg\u00e9szs\u00e9gbiztos\u00edt\u00e1si K\u00e1rtya<\/a><\/h2><p class=\"fusion-single-line-meta\">By <span><a href=\"https:\/\/rakuskopraca.sk\/hu\/author\/jana-varso\/\" title=\"Jana Var\u0161o bejegyz\u00e9se\" rel=\"author\">Jana Var\u0161o<\/a><\/span><span class=\"fusion-inline-sep\">|<\/span><span>m\u00e1rcius 18th, 2015<\/span><span class=\"fusion-inline-sep\">|<\/span>Categories: <a href=\"https:\/\/rakuskopraca.sk\/hu\/category\/nincs-kategorizalva\/\" rel=\"category tag\">Nincs kategoriz\u00e1lva<\/a><span class=\"fusion-inline-sep\">|<\/span><\/p><div class=\"fusion-content-sep sep-double sep-solid\"><\/div><div class=\"fusion-post-content-container\"><p>Az eg\u00e9szs\u00e9gbiztos\u00edt\u00e1si \u00e9s az Eur\u00f3pai Eg\u00e9szs\u00e9gbiztos\u00edt\u00e1si K\u00e1rtya \u00a0 Egy orsz\u00e1g, amely felel\u0151s a j\u00f3l\u00e9thez, \u00edgy az eg\u00e9szs\u00e9gbiztos\u00edt\u00e1si az EU hat\u00e1rozza meg a gazdas\u00e1gi aktivit\u00e1s \u00e9s a lak\u00f3helyt, \u00e9s nem a \u00e1llampolg\u00e1rs\u00e1got. Gy\u0151z\u0151dj\u00f6n meg, hogy mely<\/p><\/div><\/div><div class=\"fusion-meta-info\"><div class=\"fusion-alignleft\"><a class=\"fusion-read-more\" href=\"https:\/\/rakuskopraca.sk\/hu\/az-egeszsegbiztositasi-es-az-europai-egeszsegbiztositasi-kartya\/\" aria-label=\"More on Az eg\u00e9szs\u00e9gbiztos\u00edt\u00e1si \u00e9s az Eur\u00f3pai Eg\u00e9szs\u00e9gbiztos\u00edt\u00e1si K\u00e1rtya\">Read More<\/a><\/div><div class=\"fusion-alignright\"><span><span class=\"screen-reader-text\"> Az eg\u00e9szs\u00e9gbiztos\u00edt\u00e1si \u00e9s az Eur\u00f3pai Eg\u00e9szs\u00e9gbiztos\u00edt\u00e1si K\u00e1rtya bejegyz\u00e9shez<\/span> a hozz\u00e1sz\u00f3l\u00e1sok lehet\u0151s\u00e9ge kikapcsolva<\/span><\/div><\/div><\/div><div class=\"fusion-clearfix\"><\/div><\/div>\n<\/article>\n<article id=\"blog-1-post-805\" style=\"border-color:#ebeaea;\" class=\"fusion-post-timeline fusion-clearfix fusion-left-column post-805 post type-post status-publish format-standard hentry category-uncategorized category-nezaradene category-nincs-kategorizalva\">\n<div class=\"fusion-post-wrapper\" style=\"background-color:rgba(255,255,255,0);\">\n\n<div class=\"fusion-post-content-wrapper\" style=\"padding:30px 25px 25px 25px;\"><div class=\"fusion-post-content post-content\"><div class=\"fusion-timeline-circle\" style=\"background-color:#ebeaea;\"><\/div><div class=\"fusion-timeline-arrow\" style=\"color:#ebeaea;\"><\/div><h2 class=\"blog-shortcode-post-title\"><a href=\"https:\/\/rakuskopraca.sk\/hu\/az-e-tipusu-nyomtatvanyok-attekintese-es-azok-hasznalata\/\">Az E t\u00edpus\u00fa nyomtatv\u00e1nyok \u00e1ttekint\u00e9se \u00e9s azok haszn\u00e1lata<\/a><\/h2><p class=\"fusion-single-line-meta\">By <span><a href=\"https:\/\/rakuskopraca.sk\/hu\/author\/jana-varso\/\" title=\"Jana Var\u0161o bejegyz\u00e9se\" rel=\"author\">Jana Var\u0161o<\/a><\/span><span class=\"fusion-inline-sep\">|<\/span><span>m\u00e1rcius 18th, 2015<\/span><span class=\"fusion-inline-sep\">|<\/span>Categories: <a href=\"https:\/\/rakuskopraca.sk\/ro\/category\/uncategorized\/\" rel=\"category tag\">categoriile<\/a>, <a href=\"https:\/\/rakuskopraca.sk\/category\/nezaradene\/\" rel=\"category tag\">Nezaraden\u00e9<\/a>, <a href=\"https:\/\/rakuskopraca.sk\/hu\/category\/nincs-kategorizalva\/\" rel=\"category tag\">Nincs kategoriz\u00e1lva<\/a><span class=\"fusion-inline-sep\">|<\/span><\/p><div class=\"fusion-content-sep sep-double sep-solid\"><\/div><div class=\"fusion-post-content-container\"><p>Ebben a cikkben egy\u00e9rtelm\u0171 \u00e1ttekint\u00e9st kap az E t\u00edpus\u00fa nyomtatv\u00e1nyokr\u00f3l, az Eur\u00f3pai Uni\u00f3s tag\u00e1llamok \u00e9s Sv\u00e1jc ter\u00fclet\u00e9n t\u00f6rt\u00e9n\u0151 szoci\u00e1lis bebiztos\u00edt\u00e1s \u00e9rdek\u00e9ben. Amennyiben bajl\u00f3dik a kit\u00f6lt\u00e9s\u00fckkel \u00e9s a bead\u00e1sukkal, akkor szivesen segg\u00edt\u00fcnk \u00d6nnek. Elegend\u0151 beregisztr\u00e1lni n\u00e1lunk<\/p><\/div><\/div><div class=\"fusion-meta-info\"><div class=\"fusion-alignleft\"><a class=\"fusion-read-more\" href=\"https:\/\/rakuskopraca.sk\/hu\/az-e-tipusu-nyomtatvanyok-attekintese-es-azok-hasznalata\/\" aria-label=\"More on Az E t\u00edpus\u00fa nyomtatv\u00e1nyok \u00e1ttekint\u00e9se \u00e9s azok haszn\u00e1lata\">Read More<\/a><\/div><div class=\"fusion-alignright\"><span><span class=\"screen-reader-text\"> Az E t\u00edpus\u00fa nyomtatv\u00e1nyok \u00e1ttekint\u00e9se \u00e9s azok haszn\u00e1lata bejegyz\u00e9shez<\/span> a hozz\u00e1sz\u00f3l\u00e1sok lehet\u0151s\u00e9ge kikapcsolva<\/span><\/div><\/div><\/div><div class=\"fusion-clearfix\"><\/div><\/div>\n<\/article>\n<article id=\"blog-1-post-804\" style=\"border-color:#ebeaea;\" class=\"fusion-post-timeline fusion-clearfix fusion-right-column post-804 post type-post status-publish format-standard hentry category-uncategorized category-nezaradene category-nincs-kategorizalva\">\n<div class=\"fusion-post-wrapper\" style=\"background-color:rgba(255,255,255,0);\">\n\n<div class=\"fusion-post-content-wrapper\" style=\"padding:30px 25px 25px 25px;\"><div class=\"fusion-post-content post-content\"><div class=\"fusion-timeline-circle\" style=\"background-color:#ebeaea;\"><\/div><div class=\"fusion-timeline-arrow\" style=\"color:#ebeaea;\"><\/div><h2 class=\"blog-shortcode-post-title\"><a href=\"https:\/\/rakuskopraca.sk\/hu\/kettos-adoztatas\/\">Kett\u0151s ad\u00f3ztat\u00e1s<\/a><\/h2><p class=\"fusion-single-line-meta\">By <span><a href=\"https:\/\/rakuskopraca.sk\/hu\/author\/jana-varso\/\" title=\"Jana Var\u0161o bejegyz\u00e9se\" rel=\"author\">Jana Var\u0161o<\/a><\/span><span class=\"fusion-inline-sep\">|<\/span><span>m\u00e1rcius 18th, 2015<\/span><span class=\"fusion-inline-sep\">|<\/span>Categories: <a href=\"https:\/\/rakuskopraca.sk\/ro\/category\/uncategorized\/\" rel=\"category tag\">categoriile<\/a>, <a href=\"https:\/\/rakuskopraca.sk\/category\/nezaradene\/\" rel=\"category tag\">Nezaraden\u00e9<\/a>, <a href=\"https:\/\/rakuskopraca.sk\/hu\/category\/nincs-kategorizalva\/\" rel=\"category tag\">Nincs kategoriz\u00e1lva<\/a><span class=\"fusion-inline-sep\">|<\/span><\/p><div class=\"fusion-content-sep sep-double sep-solid\"><\/div><div class=\"fusion-post-content-container\"><p>Notice: Trying to get property of non-object in \/home\/deployer\/rakuskopraca.sk\/wp-content\/plugins\/fusion-core\/admin\/page-builder\/classes\/class-shortcodes-parser.php on line 93 A kett\u0151s ad\u00f3ztat\u00e1s vesz\u00e9lye akkor \u00e1ll fenn, amennyiben k\u00e9t orsz\u00e1gnak is joga van ad\u00f3ztatni, mivel p\u00e9ld\u00e1ul: EU \u00e1llamban \u00e9l. de egy m\u00e1sikban dolgozik\u00a0(hat\u00e1ron<\/p><\/div><\/div><div class=\"fusion-meta-info\"><div class=\"fusion-alignleft\"><a class=\"fusion-read-more\" href=\"https:\/\/rakuskopraca.sk\/hu\/kettos-adoztatas\/\" aria-label=\"More on Kett\u0151s ad\u00f3ztat\u00e1s\">Read More<\/a><\/div><div class=\"fusion-alignright\"><span><span class=\"screen-reader-text\"> Kett\u0151s ad\u00f3ztat\u00e1s bejegyz\u00e9shez<\/span> a hozz\u00e1sz\u00f3l\u00e1sok lehet\u0151s\u00e9ge kikapcsolva<\/span><\/div><\/div><\/div><div class=\"fusion-clearfix\"><\/div><\/div>\n<\/article>\n<article id=\"blog-1-post-842\" style=\"border-color:#ebeaea;\" class=\"fusion-post-timeline fusion-clearfix fusion-left-column post-842 post type-post status-publish format-standard hentry category-nincs-kategorizalva\">\n<div class=\"fusion-post-wrapper\" style=\"background-color:rgba(255,255,255,0);\">\n\n<div class=\"fusion-post-content-wrapper\" style=\"padding:30px 25px 25px 25px;\"><div class=\"fusion-post-content post-content\"><div class=\"fusion-timeline-circle\" style=\"background-color:#ebeaea;\"><\/div><div class=\"fusion-timeline-arrow\" style=\"color:#ebeaea;\"><\/div><h2 class=\"blog-shortcode-post-title\"><a href=\"https:\/\/rakuskopraca.sk\/hu\/a-kulfoldi-munkavallalas-mellet-dontott-szeretne-tudni-mi-mindenre-van-szuksege-a-kiutazashoz\/\">A k\u00fclf\u00f6ldi munkav\u00e1llal\u00e1s mellet d\u00f6nt\u00f6tt? Szeretn\u00e9 tudni mi mindenre  van sz\u00fcks\u00e9ge a kiutaz\u00e1shoz?<\/a><\/h2><p class=\"fusion-single-line-meta\">By <span><a href=\"https:\/\/rakuskopraca.sk\/hu\/author\/jana-varso\/\" title=\"Jana Var\u0161o bejegyz\u00e9se\" rel=\"author\">Jana Var\u0161o<\/a><\/span><span class=\"fusion-inline-sep\">|<\/span><span>m\u00e1rcius 18th, 2015<\/span><span class=\"fusion-inline-sep\">|<\/span>Categories: <a href=\"https:\/\/rakuskopraca.sk\/hu\/category\/nincs-kategorizalva\/\" rel=\"category tag\">Nincs kategoriz\u00e1lva<\/a><span class=\"fusion-inline-sep\">|<\/span><\/p><div class=\"fusion-content-sep sep-double sep-solid\"><\/div><div class=\"fusion-post-content-container\"><p>Ha nem kedveli a hat\u00f3s\u00e1gokon val\u00f3 hosszadalmas \u00fcgyint\u00e9z\u00e9seket, \u00a0\u00e9s egy olyan lehet\u0151s\u00e9get keres, amely a pap\u00edrmunk\u00e1k elint\u00e9z\u00e9s\u00e9nek minden ter\u00e9n seg\u00edt,\u00a0 az olyan HR c\u00e9geket aj\u00e1nljuk figyelm\u00e9be, amelyekre professzion\u00e1lis szinten sz\u00e1m\u00edthat. Szlov\u00e1kia egyik legnagyobb v\u00e1llalata az<\/p><\/div><\/div><div class=\"fusion-meta-info\"><div class=\"fusion-alignleft\"><a class=\"fusion-read-more\" href=\"https:\/\/rakuskopraca.sk\/hu\/a-kulfoldi-munkavallalas-mellet-dontott-szeretne-tudni-mi-mindenre-van-szuksege-a-kiutazashoz\/\" aria-label=\"More on A k\u00fclf\u00f6ldi munkav\u00e1llal\u00e1s mellet d\u00f6nt\u00f6tt? Szeretn\u00e9 tudni mi mindenre  van sz\u00fcks\u00e9ge a kiutaz\u00e1shoz?\">Read More<\/a><\/div><div class=\"fusion-alignright\"><span><span class=\"screen-reader-text\"> A k\u00fclf\u00f6ldi munkav\u00e1llal\u00e1s mellet d\u00f6nt\u00f6tt? Szeretn\u00e9 tudni mi mindenre  van sz\u00fcks\u00e9ge a kiutaz\u00e1shoz? bejegyz\u00e9shez<\/span> a hozz\u00e1sz\u00f3l\u00e1sok lehet\u0151s\u00e9ge kikapcsolva<\/span><\/div><\/div><\/div><div class=\"fusion-clearfix\"><\/div><\/div>\n<\/article>\n<article id=\"blog-1-post-845\" style=\"border-color:#ebeaea;\" class=\"fusion-post-timeline fusion-clearfix fusion-right-column post-845 post type-post status-publish format-standard hentry category-nincs-kategorizalva\">\n<div class=\"fusion-post-wrapper\" style=\"background-color:rgba(255,255,255,0);\">\n\n<div class=\"fusion-post-content-wrapper\" style=\"padding:30px 25px 25px 25px;\"><div class=\"fusion-post-content post-content\"><div class=\"fusion-timeline-circle\" style=\"background-color:#ebeaea;\"><\/div><div class=\"fusion-timeline-arrow\" style=\"color:#ebeaea;\"><\/div><h2 class=\"blog-shortcode-post-title\"><a href=\"https:\/\/rakuskopraca.sk\/hu\/szulok-es-gyermekek-gondozasa-hazankban-es-europaban\/\">Sz\u00fcl\u0151k \u00e9s gyermekek gondoz\u00e1sa haz\u00e1nkban \u00e9s Eur\u00f3p\u00e1ban<\/a><\/h2><p class=\"fusion-single-line-meta\">By <span><a href=\"https:\/\/rakuskopraca.sk\/hu\/author\/jana-varso\/\" title=\"Jana Var\u0161o bejegyz\u00e9se\" rel=\"author\">Jana Var\u0161o<\/a><\/span><span class=\"fusion-inline-sep\">|<\/span><span>m\u00e1rcius 18th, 2015<\/span><span class=\"fusion-inline-sep\">|<\/span>Categories: <a href=\"https:\/\/rakuskopraca.sk\/hu\/category\/nincs-kategorizalva\/\" rel=\"category tag\">Nincs kategoriz\u00e1lva<\/a><span class=\"fusion-inline-sep\">|<\/span><\/p><div class=\"fusion-content-sep sep-double sep-solid\"><\/div><div class=\"fusion-post-content-container\"><p>A sz\u00fcl\u0151i szabads\u00e1g alapvet\u0151 eszk\u00f6z a kisgyermekek ell\u00e1t\u00e1s\u00e1hoz. Param\u00e9terei jelent\u0151s hat\u00e1ssal vannak a\u00a0sz\u00fcl\u0151k \u00e9let\u00e9re.\u00a0 Mit ny\u00fajt \u00e9s mit nem egy ilyen szabads\u00e1g, att\u00f3l f\u00fcgg, hogy a\u00a0partnereknek egy vagy t\u00f6bb gyermek\u00fck lesz-e, \u00e9s hogy melyik\u00fck folytatja<\/p><\/div><\/div><div class=\"fusion-meta-info\"><div class=\"fusion-alignleft\"><a class=\"fusion-read-more\" href=\"https:\/\/rakuskopraca.sk\/hu\/szulok-es-gyermekek-gondozasa-hazankban-es-europaban\/\" aria-label=\"More on Sz\u00fcl\u0151k \u00e9s gyermekek gondoz\u00e1sa haz\u00e1nkban \u00e9s Eur\u00f3p\u00e1ban\">Read More<\/a><\/div><div class=\"fusion-alignright\"><span><span class=\"screen-reader-text\"> Sz\u00fcl\u0151k \u00e9s gyermekek gondoz\u00e1sa haz\u00e1nkban \u00e9s Eur\u00f3p\u00e1ban bejegyz\u00e9shez<\/span> a hozz\u00e1sz\u00f3l\u00e1sok lehet\u0151s\u00e9ge kikapcsolva<\/span><\/div><\/div><\/div><div class=\"fusion-clearfix\"><\/div><\/div>\n<\/article>\n<\/div><\/div><\/div><div class=\"pagination clearfix\"><span class=\"current\">1<\/span><a href=\"https:\/\/rakuskopraca.sk\/hu\/wp-json\/wp\/v2\/pages\/508\/page\/2\/\" class=\"inactive\">2<\/a><a class=\"pagination-next\" rel=\"next\" href=\"https:\/\/rakuskopraca.sk\/hu\/wp-json\/wp\/v2\/pages\/508\/page\/2\/\"><span class=\"page-text\">Next<\/span><span class=\"page-next\"><\/span><\/a><\/div><div class=\"fusion-clearfix\"><\/div><\/div><\/div><\/div><\/div><\/div>\n","protected":false},"excerpt":{"rendered":"","protected":false},"author":1,"featured_media":0,"parent":0,"menu_order":0,"comment_status":"open","ping_status":"open","template":"","meta":{"footnotes":""},"_links":{"self":[{"href":"https:\/\/rakuskopraca.sk\/hu\/wp-json\/wp\/v2\/pages\/508"}],"collection":[{"href":"https:\/\/rakuskopraca.sk\/hu\/wp-json\/wp\/v2\/pages"}],"about":[{"href":"https:\/\/rakuskopraca.sk\/hu\/wp-json\/wp\/v2\/types\/page"}],"author":[{"embeddable":true,"href":"https:\/\/rakuskopraca.sk\/hu\/wp-json\/wp\/v2\/users\/1"}],"replies":[{"embeddable":true,"href":"https:\/\/rakuskopraca.sk\/hu\/wp-json\/wp\/v2\/comments?post=508"}],"version-history":[{"count":2,"href":"https:\/\/rakuskopraca.sk\/hu\/wp-json\/wp\/v2\/pages\/508\/revisions"}],"predecessor-version":[{"id":2356,"href":"https:\/\/rakuskopraca.sk\/hu\/wp-json\/wp\/v2\/pages\/508\/revisions\/2356"}],"wp:attachment":[{"href":"https:\/\/rakuskopraca.sk\/hu\/wp-json\/wp\/v2\/media?parent=508"}],"curies":[{"name":"wp","href":"https:\/\/api.w.org\/{rel}","templated":true}]}}