{"id":638,"date":"2015-03-17T10:27:22","date_gmt":"2015-03-17T09:27:22","guid":{"rendered":"https:\/\/rakuskopraca.sk\/vseobecne-obchodne-podmienky-pri-poskytovani-sluzieb-rakuskopraca-sk-2\/"},"modified":"2017-07-14T09:53:47","modified_gmt":"2017-07-14T07:53:47","slug":"vseobecne-obchodne-podmienky-pri-poskytovani-sluzieb-rakuskopraca-sk","status":"publish","type":"page","link":"https:\/\/rakuskopraca.sk\/en\/vseobecne-obchodne-podmienky-pri-poskytovani-sluzieb-rakuskopraca-sk\/","title":{"rendered":"V\u0160EOBECN\u00c9 OBCHODN\u00c9 PODMIENKY PRI POSKYTOVAN\u00cd SLU\u017dIEB RAKUSKOPRACA.SK"},"content":{"rendered":"<h2>\u00a0I.V\u0160EOBECN\u00c9 USTANOVENIA<\/h2>\n<p>Spolo\u010dnos\u0165 ATENA \u2013 PERSONAL CONSULTING s.r.o., so s\u00eddlom Komensk\u00e9ho 1207\/13, 050 01 Rev\u00faca, I\u010cO 46 004 441, zap\u00edsan\u00e1 v Obchodnom registri Okresn\u00e9ho s\u00fadu v Banskej Bystrici, oddiel: Sro, vlo\u017eka \u010d.: 19605\/S (\u010falej len \u201ePrev\u00e1dzkovate\u013e&#8221; alebo \u201espolo\u010dnos\u0165 ATENA\u201c), je prev\u00e1dzkovate\u013eom internetovej str\u00e1nky https:\/\/rakuskopraca.atena.sk (\u010falej len \u201eWebov\u00e1 str\u00e1nka&#8221;) a poskytovate\u013eom slu\u017eieb na Webovej str\u00e1nke.<\/p>\n<p>Prev\u00e1dzkovate\u013e internetovej str\u00e1nky https:\/\/rakuskopraca.atena.sk vyd\u00e1va tieto V\u0161eobecn\u00e9 obchodn\u00e9 podmienky spolo\u010dnosti ATENA (\u010falej len \u201eVOP&#8221;), ktor\u00e9 upravuj\u00fa pr\u00e1va a povinnosti Prev\u00e1dzkovate\u013ea a tret\u00edch os\u00f4b pri poskytovan\u00ed a vyu\u017e\u00edvan\u00ed slu\u017eieb Prev\u00e1dzkovate\u013ea. VOP s\u00fa neoddelite\u013enou s\u00fa\u010das\u0165ou zmluvy uzavretej s Prev\u00e1dzkovate\u013eom a s\u00fa z\u00e1v\u00e4zn\u00e9 pre v\u0161etk\u00fdch pou\u017e\u00edvate\u013eov Slu\u017eieb.<\/p>\n<p>Prev\u00e1dzkovate\u013e vykon\u00e1va konzulta\u010dn\u00e9,\u00a0poradensk\u00e9 a\u00a0asisten\u010dn\u00e9 slu\u017eby\u00a0pri nasledovn\u00fdch pr\u00e1vnych \u00fakonoch:<\/p>\n<ul>\n<li>spracovanie \u017eiadosti o matersk\u00fd pr\u00edspevok v\u00a0Rak\u00fasku \u2013 Wochengeld<\/li>\n<li>spracovanie \u017eiadosti o rodi\u010dovsk\u00fd pr\u00edspevok v\u00a0Rak\u00fasku<\/li>\n<li>spracovanie \u017eiadosti o\u00a0poskytovanie pr\u00eddavkov na deti v Rak\u00fasku<\/li>\n<li>spracovanie \u017eiadosti o zalo\u017eenie \u017eivnosti v Rak\u00fasku<\/li>\n<li>spracovanie \u017eiadosti o pozastavenie \u017eivnosti v Rak\u00fasku<\/li>\n<li>spracovanie \u017eiadosti o zru\u0161enie \u017eivnosti v Rak\u00fasku<\/li>\n<li>spracovanie \u017eiadosti o prelo\u017eenie \u017eivnosti v Rak\u00fasku<\/li>\n<li>spracovanie ro\u010dn\u00e9ho z\u00fa\u010dtovania pr\u00edjmov<\/li>\n<li>vypracovanie da\u0148ov\u00e9ho priznania v\u00a0Slovenskej republike a v\u00a0Rak\u00fasku<\/li>\n<li>zastupovanie pri komunik\u00e1cii so Sozialversicherungsanstalt der gewerblichen Wirtschaft (SVA)<\/li>\n<li>zastupovanie pri komunik\u00e1cii s Wirtschaftskammer \u00d6sterreich (WKO)<\/li>\n<\/ul>\n<p>(\u010falej len \u201eslu\u017eby prev\u00e1dzkovate\u013ea\u201c)<\/p>\n<p>Nasledovn\u00e9 pojmy pre \u00fa\u010dely VOP a pre vznik, zmenu a z\u00e1nik pr\u00e1vneho vz\u0165ahu medzi Prev\u00e1dzkovate\u013eom a Z\u00e1ujemcom o slu\u017eby sa interpretuj\u00fa nasledovn\u00fdm sp\u00f4sobom:<\/p>\n<p>Z\u00e1ujemca o\u00a0slu\u017eby je fyzick\u00e1 osoba a\/alebo fyzick\u00e1 osoba &#8211; podnikate\u013e, ktor\u00e1 vyu\u017e\u00edva slu\u017eby poskytovan\u00e9 na Webovej str\u00e1nke.<\/p>\n<p>Slu\u017eby predstavuj\u00fa produkty, ktor\u00e9 Prev\u00e1dzkovate\u013e poskytuje Z\u00e1ujemcom o slu\u017eby predov\u0161etk\u00fdm prostredn\u00edctvom Webovej str\u00e1nky.<\/p>\n<p>&nbsp;<\/p>\n<h2>II.SLU\u017dBY POSKYTOVAN\u00c9 Z\u00c1UJEMCOM O PR\u00c1CU<\/h2>\n<p>Z\u00e1ujemca o pr\u00e1cu je fyzick\u00e1 osoba a\/alebo fyzick\u00e1 osoba &#8211; podnikate\u013e, ktor\u00e1 si pomocou Slu\u017eieb poskytovan\u00fdch Z\u00e1ujemcom o pr\u00e1cu h\u013ead\u00e1 vhodn\u00e9 zamestnanie. Slu\u017eby, ktor\u00e9 Prev\u00e1dzkovate\u013e poskytuje Z\u00e1ujemcom o pr\u00e1cu, s\u00fa bezplatn\u00e9 a sl\u00fa\u017eia ako pomoc pri vyh\u013eadan\u00ed pracovnej pr\u00edle\u017eitosti prostredn\u00edctvom Webovej str\u00e1nky. Pre vyu\u017e\u00edvanie Slu\u017eieb poskytovan\u00fdch Z\u00e1ujemcom o pr\u00e1cu sa vy\u017eaduje ich registr\u00e1cia na Webovej str\u00e1nke. Z\u00e1ujemca o pr\u00e1cu sa registruje uveden\u00edm \u013eubovo\u013en\u00e9ho prihlasovaciu e-mailu, prihlasovacieho mena a hesla. Z\u00e1ujemca o pr\u00e1cu m\u00f4\u017ee kedyko\u013evek zru\u0161i\u0165 svoju registr\u00e1ciu zaslan\u00edm e-mailovej spr\u00e1vy Prev\u00e1dzkovate\u013eovi s vyjadren\u00edm jeho v\u00f4le zru\u0161i\u0165 svoju registr\u00e1ciu.<\/p>\n<p>Medzi Slu\u017eby poskytovan\u00e9 Z\u00e1ujemcom o pr\u00e1cu patr\u00ed najm\u00e4 mo\u017enos\u0165 prostredn\u00edctvom Webovej str\u00e1nky:<\/p>\n<p>Odpoveda\u0165 resp. reagova\u0165 na zverejnen\u00fa Pracovn\u00fa ponuku. Z\u00e1ujemca o pr\u00e1cu je opr\u00e1vnen\u00fd reagova\u0165 na Pracovn\u00fa ponuku zverejnen\u00fa na Webovej str\u00e1nke.<\/p>\n<p>Vytvori\u0165 si na Webovej str\u00e1nke svoj vlastn\u00fd profil, ktor\u00fd Prev\u00e1dzkovate\u013eovi umo\u017en\u00ed lep\u0161ie vyh\u013ead\u00e1vanie Pracovnej ponuky. S\u00fa\u010das\u0165ou profilu s\u00fa prihlasovacie meno, e-mailov\u00e1 adresa, telef\u00f3nne \u010d\u00edslo, ako aj \u00fadaj o pracovn\u00fdch poz\u00edci\u00e1ch, o ktor\u00e9 m\u00e1 Z\u00e1ujemca o pr\u00e1cu z\u00e1ujem.<\/p>\n<p>Stiahnu\u0165 a vyplni\u0165 prihlasovac\u00ed formul\u00e1r, s n\u00e1zvom po\u017eadovanej pracovnej poz\u00edcie v pr\u00edslu\u0161nom jazyku. Vyplnen\u00e9 a podp\u00edsan\u00e9 prihlasovacie formul\u00e1re s\u00fa podkladom pre spracovanie \u00fadajov a vyh\u013ead\u00e1vanie vhodnej Pracovnej ponuky pre Z\u00e1ujemcu o pr\u00e1cu.<\/p>\n<p>Registr\u00e1cia alebo odporu\u010denie nov\u00e9ho Z\u00e1ujemcu o pr\u00e1cu.<\/p>\n<h2>III.OCHRANA OSOBN\u00ddCH \u00daDAJOV<\/h2>\n<p>Prev\u00e1dzkovate\u013e v rozsahu Slu\u017eieb poskytovan\u00fdch Z\u00e1ujemcom o pr\u00e1cu eviduje odpovede odoslan\u00e9 Z\u00e1ujemcami o pr\u00e1cu (\u010falej len \u201eReakcia&#8221;) na Pracovn\u00e9 ponuky zverejnen\u00e9 na Webovej str\u00e1nke. Prev\u00e1dzkovate\u013e v rozsahu slu\u017eieb poskytovan\u00fdch svojim Klientom spracuje Reakcie na Pracovn\u00e9 ponuky zverejnen\u00e9 na Webovej str\u00e1nke.<\/p>\n<p>Reakcie na Pracovn\u00e9 ponuky zverejnen\u00e9 na Webovej str\u00e1nke odoslan\u00e9 Z\u00e1ujemcami o pr\u00e1cu obsahuj\u00fa \u00fadaje, ktor\u00e9 sa pod\u013ea 4\u00a7 z\u00e1kona \u010d. 122\/2013 Z.z. Z\u00e1kon o ochrane osobn\u00fdch \u00fadajov a o zmene a doplnen\u00ed niektor\u00fdch z\u00e1konov v znen\u00ed neskor\u0161\u00edch predpisov (\u010falej len Z\u00e1kon o ochrane osobn\u00fdch \u00fadajov) pova\u017euj\u00fa za osobn\u00e9 \u00fadaje.<\/p>\n<p>Pred alebo odoslan\u00edm Reakcie na Pracovn\u00fa ponuku Z\u00e1ujemca o pr\u00e1cu vyhlasuje, \u017ee v\u0161etky n\u00edm uveden\u00e9 \u00fadaje s\u00fa pravdiv\u00e9.<\/p>\n<p>Profil Z\u00e1ujemcu o pr\u00e1cu alebo Reakcia na Pracovn\u00fa ponuku m\u00f4\u017eu obsahova\u0165 najm\u00e4 tieto \u00fadaje:<\/p>\n<p>Titul, Meno, Priezvisko,<\/p>\n<p>Pohlavie,<\/p>\n<p>D\u00e1tum a miesto narodenia,<\/p>\n<p>\u0160t\u00e1tna pr\u00edslu\u0161nos\u0165,<\/p>\n<p>N\u00e1rodnos\u0165,<\/p>\n<p>Kontaktn\u00e9 \u00fadaje (e-mail alebo telef\u00f3n),<\/p>\n<p>Ur\u010denie pracovnej oblasti a pracovnej poz\u00edcie, o ktor\u00fa m\u00e1 z\u00e1ujem,<\/p>\n<p>Ur\u010denie lokality, v ktorej h\u013ead\u00e1 pr\u00e1cu,<\/p>\n<p>Uvedenie \u010fal\u0161\u00edch \u00fadajov v Profile a\/alebo v Reakcii je na v\u00fdlu\u010dnom rozhodnut\u00ed dotknut\u00e9ho Z\u00e1ujemcu o pr\u00e1cu. Jedn\u00e1 sa o nasledovn\u00e9 \u00fadaje, ktor\u00e9 s\u00fa s\u00fa\u010das\u0165ou Profilu uch\u00e1dza\u010da:<\/p>\n<p>Najvy\u0161\u0161ie dosiahnut\u00e9 vzdelanie,<\/p>\n<p>V\u00fdu\u010dn\u00fd list v obore,<\/p>\n<p>Pracovn\u00e9 sk\u00fasenosti, certifik\u00e1ty,<\/p>\n<p>Jazykov\u00e9 a in\u00e9 znalosti,<\/p>\n<p>S\u00fa\u010das\u0165ou Profilu Z\u00e1ujemcu o pr\u00e1cu je aj Dotazn\u00edk, ktor\u00e9ho vyplnenie je zalo\u017een\u00e9 na dobrovo\u013enosti a umo\u017e\u0148uje Prev\u00e1dzkovate\u013eovi lep\u0161ie vyh\u013eadanie vhodnej pracovnej pr\u00edle\u017eitosti Z\u00e1ujmecovi o pr\u00e1cu.<\/p>\n<p>Prev\u00e1dzkovate\u013e v \u017eiadnom pr\u00edpade nepo\u017eaduje od Z\u00e1ujemcu o pr\u00e1cu uvedenie \u00fadajov spadaj\u00facich do osobitnej kateg\u00f3rie definovanej v ustanoven\u00ed \u00a7 13 Z\u00e1kona o ochrane osobn\u00fdch \u00fadajov.<\/p>\n<p>Bez poskytnutia v\u00fdslovn\u00e9ho s\u00fahlasu Z\u00e1ujemcu o pr\u00e1cu Prev\u00e1dzkovate\u013e a Klient Prev\u00e1dzkovate\u013ea nie s\u00fa opr\u00e1vnen\u00ed spracova\u0165 \u00fadaje Z\u00e1ujemcu o pr\u00e1cu.<\/p>\n<p>Pred odoslan\u00edm Reakcie na Pracovn\u00fa ponuku zverejnen\u00fa na Webovej str\u00e1nke Z\u00e1ujemca o pr\u00e1cu preuk\u00e1zate\u013en\u00fdm sp\u00f4sobom poskytne svoj s\u00fahlas, aby v Reakcii uveden\u00e9 \u00fadaje boli spracovan\u00e9 konkr\u00e9tnym Klientom Prev\u00e1dzkovate\u013ea a Prev\u00e1dzkovate\u013eom. S\u00fahlas je dan\u00fd na dobu neur\u010dit\u00fa.<\/p>\n<p>Prev\u00e1dzkovate\u013e spracuje \u00fadaje uveden\u00e9 v Reakci\u00e1ch Z\u00e1ujemcu o pr\u00e1cu v\u00fdlu\u010dne za \u00fa\u010delom poskytnutia pomoci Z\u00e1ujemcom o pr\u00e1cu pri vyh\u013eadan\u00ed pracovnej pr\u00edle\u017eitosti formou archiv\u00e1cie Reakci\u00ed odoslan\u00fdch Z\u00e1ujemcom o pr\u00e1cu na Pracovn\u00e9 ponuky zverejnen\u00e9 Klientmi.<\/p>\n<p>Z\u00e1ujemca o pr\u00e1cu m\u00f4\u017ee kedyko\u013evek vy\u017eiada\u0165 potvrdenie, \u010di s\u00fa alebo nie s\u00fa osobn\u00e9 \u00fadaje o \u0148om spracovan\u00e9, pr\u00edpadne v akom rozsahu Prev\u00e1dzkovate\u013e alebo klient tieto \u00fadaje eviduje. Z\u00e1ujemca o pr\u00e1cu je opr\u00e1vnen\u00fd kedyko\u013evek po\u017eiada\u0165 Prev\u00e1dzkovate\u013ea alebo Klienta o likvid\u00e1ciu \u00fadajov, ktor\u00e9 o \u0148om Prev\u00e1dzkovate\u013e alebo Klient eviduje.<\/p>\n<p>Prev\u00e1dzkovate\u013e sa zav\u00e4zuje, \u017ee on a jeho opr\u00e1vnen\u00e9 osoby, ktor\u00e9 pri v\u00fdkone svojej pr\u00e1ce prich\u00e1dzaj\u00fa do styku s osobn\u00fdmi \u00fadajmi Klienta, Z\u00e1ujemcov o pr\u00e1cu, Prepravcu a\/alebo Objedn\u00e1vate\u013ea opatrovate\u013eskej slu\u017eby, bud\u00fa zachov\u00e1va\u0165 ml\u010danlivos\u0165 o nich pod\u013ea Z\u00e1kona o ochrane osobn\u00fdch \u00fadajov, a nevyu\u017eij\u00fa ich pre osobn\u00fa potrebu a spr\u00edstupnenie\/poskytnutie tret\u00edm osob\u00e1m bez s\u00fahlasu dotknutej osoby. Ustanoven\u00edm tohto odseku nie s\u00fa dotknut\u00e9 povinnosti vypl\u00fdvaj\u00face z pr\u00edslu\u0161n\u00fdch pr\u00e1vnych predpisov a\/alebo rozhodnut\u00ed dotknut\u00fdch org\u00e1nov.<\/p>\n<p>V zmysle \u00a7 62 z\u00e1kona \u010d\u00edslo 351\/2011 Z.z. o elektronick\u00fdch komunik\u00e1ci\u00e1ch v znen\u00ed neskor\u0161\u00edch predpisov Z\u00e1ujemca o pr\u00e1cu s\u00fahlas\u00ed s vyu\u017e\u00edvan\u00edm jeho elektronick\u00e9ho kontaktu na \u00fa\u010dely priameho marketingu t\u00fdkaj\u00faceho sa tovaru alebo slu\u017eieb Prev\u00e1dzkovate\u013ea a jeho Klientov.<\/p>\n<h2>IV.SLU\u017dBY POSKYTOVAN\u00c9 KLIENTOM<\/h2>\n<p>Zverejnenie Pracovnej ponuky. Prev\u00e1dzkovate\u013e zverej\u0148uje Pracovn\u00e9 ponuky svojich Klientov a je opr\u00e1vnen\u00fd zverejni\u0165 ich Pracovn\u00fa ponuku na Webovej str\u00e1nke. Pracovn\u00e1 ponuka sa zverej\u0148uje pod\u013ea nasleduj\u00facich pravidiel:<\/p>\n<p>Klient s\u00e1m alebo prostredn\u00edctvom Prev\u00e1dzkovate\u013ea zverejn\u00ed Pracovn\u00fa ponuku, na z\u00e1klade n\u00edm poskytnut\u00fdch po\u017eiadaviek a ur\u010d\u00ed jej obsah. Pracovn\u00e1 ponuka mus\u00ed obsahova\u0165 aspo\u0148 minim\u00e1lne krit\u00e9ri\u00e1 stanoven\u00e9 Prev\u00e1dzkovate\u013eom.<\/p>\n<p>Prev\u00e1dzkovate\u013e si vyhradzuje pr\u00e1vo upravi\u0165 Pracovn\u00fa ponuku tak, aby t\u00e1 bola v s\u00falade so zvyklos\u0165ami a zau\u017e\u00edvan\u00fdmi postupmi na Webovej str\u00e1nke.<\/p>\n<p>Prev\u00e1dzkovate\u013e si vyhradzuje pr\u00e1vo nezverejni\u0165 alebo zru\u0161i\u0165 u\u017e zverejnen\u00fa Pracovn\u00fa ponuku:<\/p>\n<p>Ktor\u00e1 je v rozpore s pr\u00e1vnym poriadkom Slovenskej republiky, etick\u00fdmi normami alebo dobr\u00fdmi mravmi,<\/p>\n<p>V ktorej Klient podmie\u0148uje sprostredkovanie pr\u00e1ce a\/alebo prijatie do zamestnania resp. obdobn\u00e9ho pracovn\u00e9ho pomeru platbou manipula\u010dn\u00e9ho alebo in\u00e9ho poplatku,<\/p>\n<p>Ktor\u00e1 je ne\u00fapln\u00e1, alebo zav\u00e1dzaj\u00faca, alebo obsahuje nepravdiv\u00e9 \u00fadaje, alebo z in\u00fdch d\u00f4vodov zni\u017euje \u00farove\u0148 Slu\u017eieb poskytovan\u00fdch na Webovej str\u00e1nke,<\/p>\n<p>S reklamn\u00fdm alebo marketingov\u00fdm obsahom, alebo inform\u00e1ciou o produktochalebo Slu\u017eb\u00e1ch Klienta alebo tretej osoby,<\/p>\n<p>Ktor\u00e1 m\u00f4\u017ee po\u0161kodi\u0165 dobr\u00e9 meno Prev\u00e1dzkovate\u013ea alebo tretej osoby,<\/p>\n<p>Erotick\u00e9ho charakteru, resp. tak\u00e9, ktor\u00e9 vzbudzuj\u00fa podozrenie, \u017ee sa m\u00f4\u017ee jedna\u0165 o tento typ pr\u00e1ce,<\/p>\n<p>Duplicitne zverejnen\u00fa jedn\u00fdm Klientom na Webovej str\u00e1nke.<\/p>\n<p>\u010eal\u0161ie slu\u017eby uveden\u00e9 na Webovej strany: Person\u00e1lny leasing, Brig\u00e1dnick\u00fd servis, Sprostredkovanie zamestnanca.<\/p>\n<h2>VII.VZNIK, ZMENA A Z\u00c1NIK ZMLUVN\u00c9HO VZ\u0164AHU<\/h2>\n<p>Ak v Zmluve nie je uveden\u00e9 inak, Zmluvu je mo\u017en\u00e9 pred uplynut\u00edm doby jej platnosti ukon\u010di\u0165:<\/p>\n<p>P\u00edsomnou dohodou zmluvn\u00fdch str\u00e1n.<\/p>\n<p>Odst\u00fapen\u00edm od Zmluvy Prev\u00e1dzkovate\u013eom, ak druh\u00e1 zmluvn\u00e1 strana podstatn\u00fdm sp\u00f4sobom poru\u0161\u00ed svoje povinnosti vypl\u00fdvaj\u00face zo zmluvy alebo t\u00fdchto VOP. Za poru\u0161enie zmluvy podstatn\u00fdm sp\u00f4sobom sa pova\u017euje najm\u00e4:<\/p>\n<p>zverejnenie Pracovnej ponuky Klientom v rozpore s ustanoveniami VOP,<\/p>\n<p>vyu\u017e\u00edvanie \u00fadajov o Z\u00e1ujemcoch o pr\u00e1cu Klientom z\u00edskan\u00fdch z datab\u00e1zy Prev\u00e1dzkovate\u013ea na in\u00fd \u00fa\u010del ako na vyh\u013ead\u00e1vanie vhodn\u00e9ho zamestnanca,<\/p>\n<p>vyu\u017e\u00edvanie Slu\u017eieb poskytovan\u00fdch na Webovej str\u00e1nke na hromadn\u00e9 rozosielanie elektronick\u00fdch spr\u00e1v, alebo rozosielanie spr\u00e1v obsahuj\u00facich inform\u00e1cie o produktoch a slu\u017eb\u00e1ch, alebo rozosielanie spr\u00e1v obsahuj\u00facich inform\u00e1cie, ktor\u00e9 s\u00fa v rozpore s pr\u00e1vnym poriadkom Slovenskej republiky, etick\u00fdmi normami a dobr\u00fdmi mravmi, alebo ktor\u00e9 m\u00f4\u017eu po\u0161kodi\u0165 dobr\u00e9 meno Prev\u00e1dzkovate\u013ea alebo in\u00fdch fyzick\u00fdch a pr\u00e1vnick\u00fdch os\u00f4b,<\/p>\n<p>klient kon\u00e1 v rozpore so zmluvou a\/alebo t\u00fdmito VOP a\/alebo dobr\u00fdmi mravmi, a ak t\u00fdm, najm\u00e4 na z\u00e1klade negat\u00edvnych ohlasov zo strany pou\u017e\u00edvate\u013eov Webov\u00fdch str\u00e1nok, m\u00f4\u017ee by\u0165 pod\u013ea od\u00f4vodnen\u00e9ho n\u00e1zoru Prev\u00e1dzkovate\u013ea po\u0161koden\u00e9 jeho dobr\u00e9 meno a zn\u00ed\u017een\u00e1 a\/alebo ohrozen\u00e1 \u00farove\u0148 kvality poskytovan\u00fdch Slu\u017eieb.<\/p>\n<p>P\u00edsomn\u00e9 ozn\u00e1menie o odst\u00fapen\u00ed od Zmluvy sa doru\u010duje druhej Zmluvnej strane na jej adresu uveden\u00fa v registr\u00e1cii alebo na n\u00edm uveden\u00fa e-mailov\u00fa adresu.<\/p>\n<p>&nbsp;<\/p>\n<h2>VIII.CENA SLU\u017dIEB A PLATOBN\u00c9 PODMIENKY<\/h2>\n<p>Cena Slu\u017eby poskytovanej Prev\u00e1dzkovate\u013eom na Webovej str\u00e1nky, pre ktor\u00fa sa nevy\u017eaduje uzavretia osobitnej zmluvy je bezplatn\u00e9.<\/p>\n<p>Ceny Slu\u017eieb poskytovan\u00fdch Prev\u00e1dzkovate\u013eom, pre ktor\u00e9 sa vy\u017eaduje uzavretie osobitnej zmluvy z\u00e1visia od dohody zmluvn\u00fdch str\u00e1n v z\u00e1vislosti od jednotliv\u00fdch tipov zmluvn\u00fdch vz\u0165ahov.<\/p>\n<p>&nbsp;<\/p>\n<h2>IX.ZODPOVEDNOS\u0164 ZA \u0160KODU<\/h2>\n<p>Prev\u00e1dzkovate\u013e nie je zodpovedn\u00fd za obsahov\u00fa str\u00e1nku Slu\u017eby poskytnutej (zverejnenej) na Webovej str\u00e1nke, najm\u00e4 za jej grafick\u00e9 zn\u00e1zornenie (napr.: logo, fotografia alebo in\u00fd v\u00fdsledok du\u0161evnej tvorivej \u010dinnosti) a za ich gramatick\u00fa spr\u00e1vnos\u0165.. Prev\u00e1dzkovate\u013e nezodpoved\u00e1 za \u0161kody sp\u00f4soben\u00e9 poskytnut\u00edm Slu\u017eby na Webovej str\u00e1nke.<\/p>\n<p>Klient je povinn\u00fd chr\u00e1ni\u0165 \u00fadaje z\u00edskan\u00e9 z Reakcie pred ak\u00fdmko\u013evek zneu\u017eit\u00edm, je povinn\u00fd zabezpe\u010di\u0165, aby tieto \u00fadaje neboli spr\u00edstupnen\u00e9 alebo poskytnut\u00e9 inej osobe alebo zverejnen\u00e9. V pr\u00edpade poru\u0161enia tejto povinnosti Klient v plnom rozsahu zodpoved\u00e1 za \u0161kodu sp\u00f4soben\u00fa poru\u0161en\u00edm tejto povinnosti.<\/p>\n<p>Klient sa zav\u00e4zuje, \u017ee ak bud\u00fa vo\u010di Prev\u00e1dzkovate\u013eovi z d\u00f4vodu poru\u0161enia ak\u00fdchko\u013evek pr\u00e1v tret\u00edch os\u00f4b uveden\u00fdch v tomto odseku vznesen\u00e9 ak\u00e9ko\u013evek n\u00e1roky, tieto n\u00e1roky uspokoji\u0165 a Prev\u00e1dzkovate\u013ea v celom rozsahu od\u0161kodni\u0165.<\/p>\n<p>Prev\u00e1dzkovate\u013e negarantuje Z\u00e1ujemcom o pr\u00e1cu n\u00e1jdenie vhodnej pracovnej pr\u00edle\u017eitosti a ani trvanie pracovn\u00e9ho alebo obdobn\u00e9ho pomeru.<\/p>\n<p>Prev\u00e1dzkovate\u013e nezodpoved\u00e1 za \u0161kodu, ktor\u00e1 m\u00f4\u017ee pou\u017e\u00edvate\u013eom alebo tret\u00edm osob\u00e1m vznikn\u00fa\u0165 pou\u017e\u00edvan\u00edm Webov\u00fdch str\u00e1nok, vr\u00e1tane u\u0161l\u00e9ho zisku alebo straty ak\u00fdchko\u013evek d\u00e1t.<\/p>\n<p>Prev\u00e1dzkovate\u013e nenesie \u017eiadnu zodpovednos\u0165 za ak\u00e9ko\u013evek zneu\u017eitie prihlasovacieho mena a hesla neopr\u00e1vnenou osobou a ani za \u017eiadne n\u00e1sledn\u00e9 \u0161kody a pr\u00edpadn\u00e9 n\u00e1roky tret\u00edch str\u00e1n sp\u00f4soben\u00e9 v d\u00f4sledku tak\u00e9ho zneu\u017eitia.<\/p>\n<p>&nbsp;<\/p>\n<h2>X.REKLAMA\u010cN\u00dd PORIADOK<\/h2>\n<p>Klient m\u00e1 pr\u00e1vo reklamova\u0165 chybu (\u201e\u010falej len Chyba&#8221;), ktor\u00e1 sa vyskytla na Webovej str\u00e1nke Prev\u00e1dzkovate\u013ea v s\u00favislosti s jemu poskytovanou Slu\u017ebou. Chybou na strane Prev\u00e1dzkovate\u013ea sa rozumie najm\u00e4 nefunk\u010dnos\u0165 Slu\u017eieb uveden\u00fdch v Objedn\u00e1vke, a to po dobu dlh\u0161iu ako 6 hod\u00edn za obdobie predch\u00e1dzaj\u00facich 24 hod\u00edn. Chybou na strane Prev\u00e1dzkovate\u013ea nie je, ak Slu\u017eby nie s\u00fa u Klienta dostupn\u00e9 v d\u00f4sledku v\u00fdpadku pripojenia Klienta na sie\u0165 Internet alebo v d\u00f4sledku in\u00fdch skuto\u010dnost\u00ed, za ktor\u00e9 Prev\u00e1dzkovate\u013e nezodpoved\u00e1.<\/p>\n<p>Lehota pre uplatnenie reklam\u00e1cie je najnesk\u00f4r 14 dn\u00ed odo d\u0148a, ke\u010f Klient Chybu zistil alebo mohol zisti\u0165.<\/p>\n<p>Reklam\u00e1ciu je Klient opr\u00e1vnen\u00fd uskuto\u010dni\u0165 p\u00edsomne (po\u0161tou na adresu s\u00eddla Prev\u00e1dzkovate\u013ea, faxom na \u010d\u00edslo: +421 948188467 e-mailom na adresu: reklamacie@atena.sk pri\u010dom reklam\u00e1cia mus\u00ed by\u0165 doru\u010den\u00e1 Prev\u00e1dzkovate\u013eovi. Prev\u00e1dzkovate\u013e sa zav\u00e4zuje ozn\u00e1mi\u0165 v\u00fdsledok vybavenia reklam\u00e1cie do 14 dn\u00ed odo d\u0148a je prevzatia.<\/p>\n<p>&nbsp;<\/p>\n<h2>XI.SPOLO\u010cN\u00c9 A Z\u00c1VERE\u010cN\u00c9 USTANOVENIA<\/h2>\n<p>Prev\u00e1dzkovate\u013e si vyhradzuje pr\u00e1vo na zmenu a dop\u013a\u0148anie VOP, pri\u010dom o zmen\u00e1ch bezodkladne informuje Klientov formou zverejnenia zmien na Webov\u00fdch str\u00e1nkach s uveden\u00edm d\u00e1tumu, od ktor\u00e9ho tieto zmeny nadob\u00fadaj\u00fa platnos\u0165. Nadobudnut\u00edm platnosti nov\u00fdch VOP str\u00e1caj\u00fa platnos\u0165 p\u00f4vodn\u00e9 VOP.<\/p>\n<p>V\u0161etky vz\u0165ahy neupraven\u00e9 v Zmluve a\/alebo VOP sa riadia platn\u00fdmi pr\u00e1vnymi predpismi SR.<\/p>\n<p>Odch\u00fdlne ustanovenia Zmluvy maj\u00fa prednos\u0165 pred VOP. P\u00f4sobnos\u0165 VOP alebo ich \u010dasti mo\u017eno vyl\u00fa\u010di\u0165 iba p\u00edsomnou dohodou Zmluvn\u00fdch str\u00e1n v Zmluve.<\/p>\n<p>Tieto VOP nadob\u00fadaj\u00fa platnos\u0165 a \u00fa\u010dinnos\u0165 d\u0148a 04.12.2014 .<\/p>\n","protected":false},"excerpt":{"rendered":"<p>\u00a0I.V\u0160EOBECN\u00c9 USTANOVENIA Spolo\u010dnos\u0165 ATENA \u2013 PERSONAL CONSULTING s.r.o., so s\u00eddlom Komensk\u00e9ho 1207\/13, 050 01 Rev\u00faca, I\u010cO 46 004 441, zap\u00edsan\u00e1 v Obchodnom registri Okresn\u00e9ho s\u00fadu v Banskej Bystrici, oddiel: Sro, vlo\u017eka \u010d.: 19605\/S (\u010falej len \u201ePrev\u00e1dzkovate\u013e&#8221; alebo \u201espolo\u010dnos\u0165 ATENA\u201c), je prev\u00e1dzkovate\u013eom internetovej str\u00e1nky https:\/\/rakuskopraca.atena.sk (\u010falej len \u201eWebov\u00e1 str\u00e1nka&#8221;) a poskytovate\u013eom slu\u017eieb na Webovej str\u00e1nke. Prev\u00e1dzkovate\u013e [&hellip;]<\/p>\n","protected":false},"author":1,"featured_media":0,"parent":0,"menu_order":0,"comment_status":"open","ping_status":"open","template":"","meta":{"footnotes":""},"_links":{"self":[{"href":"https:\/\/rakuskopraca.sk\/en\/wp-json\/wp\/v2\/pages\/638"}],"collection":[{"href":"https:\/\/rakuskopraca.sk\/en\/wp-json\/wp\/v2\/pages"}],"about":[{"href":"https:\/\/rakuskopraca.sk\/en\/wp-json\/wp\/v2\/types\/page"}],"author":[{"embeddable":true,"href":"https:\/\/rakuskopraca.sk\/en\/wp-json\/wp\/v2\/users\/1"}],"replies":[{"embeddable":true,"href":"https:\/\/rakuskopraca.sk\/en\/wp-json\/wp\/v2\/comments?post=638"}],"version-history":[{"count":1,"href":"https:\/\/rakuskopraca.sk\/en\/wp-json\/wp\/v2\/pages\/638\/revisions"}],"predecessor-version":[{"id":2338,"href":"https:\/\/rakuskopraca.sk\/en\/wp-json\/wp\/v2\/pages\/638\/revisions\/2338"}],"wp:attachment":[{"href":"https:\/\/rakuskopraca.sk\/en\/wp-json\/wp\/v2\/media?parent=638"}],"curies":[{"name":"wp","href":"https:\/\/api.w.org\/{rel}","templated":true}]}}