{"id":625,"date":"2015-03-05T14:06:28","date_gmt":"2015-03-05T14:06:28","guid":{"rendered":"https:\/\/rakuskopraca.sk\/ochrana-osobnych-udajov-2\/"},"modified":"2015-03-05T14:06:28","modified_gmt":"2015-03-05T14:06:28","slug":"ochrana-osobnych-udajov","status":"publish","type":"page","link":"https:\/\/rakuskopraca.sk\/en\/ochrana-osobnych-udajov\/","title":{"rendered":"Ochrana osobn\u00fdch \u00fadajov"},"content":{"rendered":"<p><strong>Na\u0161im cie\u013eom je chr\u00e1ni\u0165 va\u0161e pr\u00e1vo na s\u00fakromie<\/strong><\/p>\n<p>Na\u0161im cie\u013eom v\u00a0rakuskopraca.sk je chr\u00e1ni\u0165 va\u0161e s\u00fakromie. Sna\u017e\u00edme sa by\u0165 \u010do najtransparentnej\u0161\u00ed tak, aby ste mali mo\u017enos\u0165 v\u017edy vedie\u0165, \u010do sa deje s va\u0161imi osobn\u00fdmi \u00fadajmi a\u00a0reagova\u0165 pod\u013ea Va\u0161ich potrieb. Na\u0161e hlavn\u00e9 z\u00e1sady pre ochranu inform\u00e1ci\u00ed, ktor\u00e9 n\u00e1m poskytujete pri n\u00e1v\u0161teve na\u0161ich webov\u00fdch str\u00e1nok uv\u00e1dzame ni\u017e\u0161ie:<\/p>\n<p><strong>Ak\u00e9 inform\u00e1cie zhroma\u017e\u010fujeme?<\/strong><\/p>\n<p>Rozsah zhroma\u017e\u010fovan\u00fdch inform\u00e1ci\u00ed z\u00e1vis\u00ed od rozsahu va\u0161ej interakcie s\u00a0na\u0161ou str\u00e1nkou.<\/p>\n<p><strong>Zhroma\u017e\u010fovanie \u00fadajov o\u00a0neregistrovan\u00fdch u\u017e\u00edvate\u013eoch na\u0161ich str\u00e1nok<\/strong><\/p>\n<p>Ur\u010dit\u00e9 typy inform\u00e1ci\u00ed od V\u00e1s z\u00edskavame u\u017e vtedy ke\u010f v\u00e1\u0161 internetov\u00fd prehliada\u010d komunikuje s\u00a0na\u0161ou webovou str\u00e1nkou. Niektor\u00e9 na\u0161e on-line aplik\u00e1cie alebo aplik\u00e1cie tret\u00edch str\u00e1n, ktor\u00e9 pou\u017e\u00edvame alebo budeme pou\u017e\u00edva\u0165 v\u00a0bud\u00facnosti m\u00f4\u017eu v\u00a0z\u00e1ujme ich lep\u0161ieho fungovania vy\u017eadova\u0165 od V\u00e1s opr\u00e1vnenie ulo\u017ei\u0165 s\u00fabory cookies na va\u0161om pevnom disku.<\/p>\n<p>S\u00fabory cookies s\u00fa mal\u00e9 textov\u00e9 s\u00fabory, ktor\u00e9 internetov\u00e9 str\u00e1nky m\u00f4\u017eu uklada\u0165 na va\u0161om po\u010d\u00edta\u010di alebo mobilnom zariaden\u00ed pri va\u0161ej prvej n\u00e1v\u0161teve. S\u00fabory cookies pom\u00e1haj\u00fa webov\u00fdm str\u00e1nkam rozpozna\u0165 va\u0161e zariadenie pri va\u0161ich \u010fal\u0161\u00edch n\u00e1v\u0161tev\u00e1ch. Niektor\u00e9 s\u00fabory cookies s\u00fa nevyhnutn\u00e9 na prev\u00e1dzku na\u0161ich webov\u00fdch str\u00e1nok, in\u00e9 zlep\u0161uj\u00fa alebo roz\u0161iruj\u00fa ich funkcie.<\/p>\n<p>S\u00fabory cookies vyu\u017e\u00edvame aj za \u00fa\u010delom analyzovania ako na\u0161i n\u00e1v\u0161tevn\u00edci pou\u017e\u00edvaj\u00fa na\u0161e webov\u00e9 str\u00e1nky &#8211; ktor\u00e9 na\u0161e str\u00e1nky s\u00fa najnav\u0161tevovanej\u0161ie, ktor\u00e9 na\u0161e slu\u017eby s\u00fa najpopul\u00e1rnej\u0161ie a podobne. S\u00fabory cookies tie\u017e m\u00f4\u017eu by\u0165 pou\u017eit\u00e9 na to, aby sme v\u00e1s upozornili na ponuky alebo slu\u017eby, o ktor\u00e9 by ste mohli ma\u0165 z\u00e1ujem.<\/p>\n<p>Inform\u00e1cie, ktor\u00e9 n\u00e1m umo\u017e\u0148uj\u00fa takto postupova\u0165 zhroma\u017e\u010fujeme od v\u0161etk\u00fdch n\u00e1v\u0161tevn\u00edkov na\u0161ich internetov\u00fdch str\u00e1nok. Tieto \u00fadaje s\u00fa v\u0161ak anonymizovan\u00e9 a vyu\u017e\u00edvan\u00e9 v\u00fdlu\u010dne pre \u00fa\u010dely zlep\u0161ovania na\u0161ich slu\u017eieb.<\/p>\n<p><strong>Zhroma\u017e\u010fovanie \u00fadajov od\u00a0registrovan\u00fdch u\u017e\u00edvate\u013eov<\/strong><\/p>\n<p>Medzi nami poskytovan\u00e9 slu\u017eby patria aj:<\/p>\n<ol>\n<li>spracovanie \u017eiadosti o matersk\u00fd pr\u00edspevok v Rak\u00fasku \u2013 Wochengeld;<\/li>\n<li>spracovanie \u017eiadosti o rodi\u010dovsk\u00fd pr\u00edspevok v Rak\u00fasku;<\/li>\n<li>spracovanie \u017eiadosti o poskytovanie pr\u00eddavkov na deti v Rak\u00fasku;<\/li>\n<li>spracovanie \u017eiadosti o zalo\u017eenie \u017eivnosti v Rak\u00fasku;<\/li>\n<li>spracovanie \u017eiadosti o pozastavenie \u017eivnosti v Rak\u00fasku;<\/li>\n<li>spracovanie \u017eiadosti o zru\u0161enie \u017eivnosti v Rak\u00fasku;<\/li>\n<li>spracovanie \u017eiadosti o prelo\u017eenie \u017eivnosti v Rak\u00fasku;<\/li>\n<li>spracovanie ro\u010dn\u00e9ho z\u00fa\u010dtovania pr\u00edjmov;<\/li>\n<li>vypracovanie da\u0148ov\u00e9ho priznania na v Slovenskej republike a v Rak\u00fasku;<\/li>\n<li>zastupovanie klientov pri komunik\u00e1cii s\u00a0rak\u00faskou soci\u00e1lnou pois\u0165ov\u0148ou Sozialversicherungsanstalt der gewerblichen Wirtschaft (SVA);<\/li>\n<li>zastupovanie klientov pri komunik\u00e1cii s\u00a0rak\u00faskou \u017eivnostenskou komorou Wirtschaftskammer \u00d6sterreich (WKO).<\/li>\n<\/ol>\n<p>Poskytovanie t\u00fdchto slu\u017eieb nie je mo\u017en\u00e9 realizova\u0165 bez toho, aby n\u00e1m z\u00e1ujemcovia neuviedli svoje osobn\u00e9 \u00fadaje potrebn\u00e9 k\u00a0ich vykon\u00e1vaniu.<\/p>\n<ol>\n<li><strong>V\u00a0pr\u00edpade spracovania \u017eiadosti o matersk\u00fd pr\u00edspevok v\u00a0Rak\u00fasku ide predov\u0161etk\u00fdm o\u00a0\u00fadaje:<\/strong><\/li>\n<\/ol>\n<p>&#8230;..<\/p>\n<ol>\n<li><strong>V\u00a0pr\u00edpade spracovania \u017eiadosti o\u00a0rodi\u010dovsk\u00fd pr\u00edspevok v\u00a0Rak\u00fasku ide predov\u0161etk\u00fdm o\u00a0\u00fadaje:<\/strong><\/li>\n<\/ol>\n<p>&#8230;..<\/p>\n<ol>\n<li><strong>V pr\u00edpade spracovania \u017eiadosti o poskytovanie pr\u00eddavkov na deti v\u00a0Rak\u00fasku ide predov\u0161etk\u00fdm o\u00a0\u00fadaje:<\/strong><\/li>\n<\/ol>\n<p>&#8230;..<\/p>\n<ol>\n<li><strong>V pr\u00edpade spracovania \u017eiadosti o zalo\u017eenie \u017eivnosti v\u00a0Rak\u00fasku ide predov\u0161etk\u00fdm o\u00a0\u00fadaje:<\/strong><\/li>\n<\/ol>\n<p>&#8230;..<\/p>\n<ol>\n<li><strong>V pr\u00edpade spracovania \u017eiadosti o pozastavenie \u017eivnosti v\u00a0Rak\u00fasku ide predov\u0161etk\u00fdm o\u00a0\u00fadaje:<\/strong><\/li>\n<\/ol>\n<p>&#8230;.<\/p>\n<ol>\n<li><strong>V pr\u00edpade spracovania \u017eiadosti o\u00a0zru\u0161enie \u017eivnosti v\u00a0Rak\u00fasku ide predov\u0161etk\u00fdm o\u00a0\u00fadaje:<\/strong><\/li>\n<\/ol>\n<p>&#8230;.<\/p>\n<ol>\n<li><strong>V pr\u00edpade spracovania \u017eiadosti o\u00a0o prelo\u017eenie \u017eivnosti v\u00a0Rak\u00fasku ide predov\u0161etk\u00fdm o\u00a0\u00fadaje:<\/strong><\/li>\n<\/ol>\n<p>&#8230;.<\/p>\n<ol>\n<li><strong>V\u00a0pr\u00edpade spracovania ro\u010dn\u00e9ho z\u00fa\u010dtovania pr\u00edjmov\u00a0ide predov\u0161etk\u00fdm o\u00a0\u00fadaje:<\/strong><\/li>\n<\/ol>\n<p>&#8230;.<\/p>\n<ol>\n<li><strong>V\u00a0pr\u00edpade vypracovania da\u0148ov\u00e9ho priznania v Slovenskej republike a v\u00a0Rak\u00fasku:<\/strong><\/li>\n<\/ol>\n<p>&#8230;..<\/p>\n<p>V\u0161etky vy\u0161\u0161ie uveden\u00e9 osobn\u00e9 \u00fadaje sa zav\u00e4zujeme a\u00a0v\u00a0zmysle slovenskej a\u00a0eur\u00f3pskej legislat\u00edvy aj sme povinn\u00ed sprac\u00fava\u0165 iba so s\u00fahlasom dotknutej osoby, pre ktor\u00fa budeme vy\u0161\u0161ie uveden\u00e9 slu\u017eby poskytova\u0165.<\/p>\n<p>V \u017eiadnom pr\u00edpade v\u0161ak nebudeme po\u017eadova\u0165 od pr\u00edpadn\u00fdch z\u00e1ujemcov o\u00a0na\u0161e slu\u017eby uvedenie \u00fadajov patriacich do osobitnej kateg\u00f3rie definovanej v ustanoven\u00ed \u00a7 13 z\u00e1kona \u010d. 122\/2013 Z.z. o ochrane osobn\u00fdch \u00fadajov a o zmene a doplnen\u00ed niektor\u00fdch z\u00e1konov v znen\u00ed neskor\u0161\u00edch predpisov.<\/p>\n","protected":false},"excerpt":{"rendered":"<p>Na\u0161im cie\u013eom je chr\u00e1ni\u0165 va\u0161e pr\u00e1vo na s\u00fakromie Na\u0161im cie\u013eom v\u00a0rakuskopraca.sk je chr\u00e1ni\u0165 va\u0161e s\u00fakromie. Sna\u017e\u00edme sa by\u0165 \u010do najtransparentnej\u0161\u00ed tak, aby ste mali mo\u017enos\u0165 v\u017edy vedie\u0165, \u010do sa deje s va\u0161imi osobn\u00fdmi \u00fadajmi a\u00a0reagova\u0165 pod\u013ea Va\u0161ich potrieb. Na\u0161e hlavn\u00e9 z\u00e1sady pre ochranu inform\u00e1ci\u00ed, ktor\u00e9 n\u00e1m poskytujete pri n\u00e1v\u0161teve na\u0161ich webov\u00fdch str\u00e1nok uv\u00e1dzame ni\u017e\u0161ie: Ak\u00e9 [&hellip;]<\/p>\n","protected":false},"author":2,"featured_media":0,"parent":0,"menu_order":0,"comment_status":"open","ping_status":"open","template":"","meta":{"footnotes":""},"_links":{"self":[{"href":"https:\/\/rakuskopraca.sk\/en\/wp-json\/wp\/v2\/pages\/625"}],"collection":[{"href":"https:\/\/rakuskopraca.sk\/en\/wp-json\/wp\/v2\/pages"}],"about":[{"href":"https:\/\/rakuskopraca.sk\/en\/wp-json\/wp\/v2\/types\/page"}],"author":[{"embeddable":true,"href":"https:\/\/rakuskopraca.sk\/en\/wp-json\/wp\/v2\/users\/2"}],"replies":[{"embeddable":true,"href":"https:\/\/rakuskopraca.sk\/en\/wp-json\/wp\/v2\/comments?post=625"}],"version-history":[{"count":0,"href":"https:\/\/rakuskopraca.sk\/en\/wp-json\/wp\/v2\/pages\/625\/revisions"}],"wp:attachment":[{"href":"https:\/\/rakuskopraca.sk\/en\/wp-json\/wp\/v2\/media?parent=625"}],"curies":[{"name":"wp","href":"https:\/\/api.w.org\/{rel}","templated":true}]}}