{"id":602,"date":"2015-03-05T13:48:15","date_gmt":"2015-03-05T13:48:15","guid":{"rendered":"https:\/\/rakuskopraca.sk\/blog-2\/"},"modified":"2017-07-14T09:53:47","modified_gmt":"2017-07-14T07:53:47","slug":"blog-2","status":"publish","type":"page","link":"https:\/\/rakuskopraca.sk\/en\/blog-2\/","title":{"rendered":"Blog"},"content":{"rendered":"<div class=\"fusion-fullwidth fullwidth-box fusion-builder-row-1 hundred-percent-fullwidth non-hundred-percent-height-scrolling\" style=\"--awb-border-radius-top-left:0px;--awb-border-radius-top-right:0px;--awb-border-radius-bottom-right:0px;--awb-border-radius-bottom-left:0px;--awb-overflow:visible;--awb-flex-wrap:wrap;\" ><div class=\"fusion-builder-row fusion-row\"><div class=\"fusion-layout-column fusion_builder_column fusion-builder-column-0 fusion_builder_column_1_1 1_1 fusion-one-full fusion-column-first fusion-column-last fusion-column-no-min-height\" style=\"--awb-bg-size:cover;--awb-margin-bottom:0px;\"><div class=\"fusion-column-wrapper fusion-flex-column-wrapper-legacy\"><div class=\"fusion-blog-shortcode fusion-blog-shortcode-1 fusion-blog-archive fusion-blog-layout-timeline-wrapper fusion-blog-pagination\"><div class=\"fusion-posts-container fusion-posts-container-pagination fusion-blog-rollover\" data-pages=\"3\"><div class=\"fusion-timeline-icon\"><i class=\"awb-icon-bubbles\" style=\"color:#ebeaea;\" aria-hidden=\"true\"><\/i><\/div><div class=\"fusion-blog-layout-timeline fusion-clearfix\"><div class=\"fusion-timeline-line\" style=\"border-left:1px solid #ebeaea;border-right:1px solid #ebeaea;\"><\/div><h3 class=\"fusion-timeline-date\" style=\"background-color:#ebeaea;\">March 2015<\/h3><div class=\"fusion-collapse-month\"><article id=\"blog-1-post-303\" style=\"border-color:#ebeaea;\" class=\"fusion-post-timeline fusion-clearfix fusion-left-column post-303 post type-post status-publish format-standard hentry category-nezaradene\">\n<div class=\"fusion-post-wrapper\" style=\"background-color:rgba(255,255,255,0);\">\n\n<div class=\"fusion-post-content-wrapper\" style=\"padding:30px 25px 25px 25px;\"><div class=\"fusion-post-content post-content\"><div class=\"fusion-timeline-circle\" style=\"background-color:#ebeaea;\"><\/div><div class=\"fusion-timeline-arrow\" style=\"color:#ebeaea;\"><\/div><h2 class=\"blog-shortcode-post-title entry-title\"><a href=\"https:\/\/rakuskopraca.sk\/en\/zaujimave-linky\/\">ZAUJ\u00cdMAV\u00c9 LINKY<\/a><\/h2><p class=\"fusion-single-line-meta\">By <span class=\"vcard\"><span class=\"fn\"><a href=\"https:\/\/rakuskopraca.sk\/en\/author\/jana-varso\/\" title=\"Posts by Jana Var\u0161o\" rel=\"author\">Jana Var\u0161o<\/a><\/span><\/span><span class=\"fusion-inline-sep\">|<\/span><span class=\"updated\" style=\"display:none;\">2015-03-18T10:15:32+01:00<\/span><span>March 18th, 2015<\/span><span class=\"fusion-inline-sep\">|<\/span>Categories: <a href=\"https:\/\/rakuskopraca.sk\/category\/nezaradene\/\" rel=\"category tag\">Nezaraden\u00e9<\/a><span class=\"fusion-inline-sep\">|<\/span><\/p><div class=\"fusion-content-sep sep-double sep-solid\"><\/div><div class=\"fusion-post-content-container\"><p>ZAUJ\u00cdMAV\u00c9 LINKY Pracovn\u00fd port\u00e1l - www.atena.sk Ponuky pr\u00e1ce - https:\/\/www.atena.sk\/sk\/home Slovensk\u00fd port\u00e1l pre pracovn\u00fa mobilitu \u2013 www.eures.sk Soci\u00e1lna pois\u0165ov\u0148a \u2013 www.socpoist.sk Cestovn\u00fd poriadok \u2013 www.odchody.sk, www.cp.sk, www.travel.sk, www.cpzoznam.sk Zdravotn\u00e9 pois\u0165ovne \u2013 www.vszp.sk, www.unionzp.sk, www.ezp.sk, www.dovera.sk, [...]<\/p><\/div><\/div><div class=\"fusion-meta-info\"><div class=\"fusion-alignleft\"><a class=\"fusion-read-more\" href=\"https:\/\/rakuskopraca.sk\/en\/zaujimave-linky\/\" aria-label=\"More on ZAUJ\u00cdMAV\u00c9 LINKY\">Read More<\/a><\/div><div class=\"fusion-alignright\"><span>Comments Off<span class=\"screen-reader-text\"> on ZAUJ\u00cdMAV\u00c9 LINKY<\/span><\/span><\/div><\/div><\/div><div class=\"fusion-clearfix\"><\/div><\/div>\n<\/article>\n<article id=\"blog-1-post-386\" style=\"border-color:#ebeaea;\" class=\"fusion-post-timeline fusion-clearfix fusion-right-column post-386 post type-post status-publish format-standard hentry category-uncategorized category-nezaradene\">\n<div class=\"fusion-post-wrapper\" style=\"background-color:rgba(255,255,255,0);\">\n\n<div class=\"fusion-post-content-wrapper\" style=\"padding:30px 25px 25px 25px;\"><div class=\"fusion-post-content post-content\"><div class=\"fusion-timeline-circle\" style=\"background-color:#ebeaea;\"><\/div><div class=\"fusion-timeline-arrow\" style=\"color:#ebeaea;\"><\/div><h2 class=\"blog-shortcode-post-title entry-title\"><a href=\"https:\/\/rakuskopraca.sk\/en\/vase-zdravotne-poistenie-a-europsky-preukaz-zdravotneho-poistenia\/\">Va\u0161e zdravotn\u00e9 poistenie a eur\u00f3psky preukaz zdravotn\u00e9ho poistenia<\/a><\/h2><p class=\"fusion-single-line-meta\">By <span class=\"vcard\"><span class=\"fn\"><a href=\"https:\/\/rakuskopraca.sk\/en\/author\/jana-varso\/\" title=\"Posts by Jana Var\u0161o\" rel=\"author\">Jana Var\u0161o<\/a><\/span><\/span><span class=\"fusion-inline-sep\">|<\/span><span class=\"updated\" style=\"display:none;\">2017-07-14T09:53:54+02:00<\/span><span>March 18th, 2015<\/span><span class=\"fusion-inline-sep\">|<\/span>Categories: <a href=\"https:\/\/rakuskopraca.sk\/ro\/category\/uncategorized\/\" rel=\"category tag\">categoriile<\/a>, <a href=\"https:\/\/rakuskopraca.sk\/category\/nezaradene\/\" rel=\"category tag\">Nezaraden\u00e9<\/a><span class=\"fusion-inline-sep\">|<\/span><\/p><div class=\"fusion-content-sep sep-double sep-solid\"><\/div><div class=\"fusion-post-content-container\"><p>Krajina, ktor\u00e1 zodpoved\u00e1 za va\u0161e soci\u00e1lne zabezpe\u010denie vr\u00e1tane v\u00e1\u0161ho zdravotn\u00e9ho poistenia, sa v E\u00da ur\u010duje pod\u013ea va\u0161ej ekonomickej aktivity a v\u00e1\u0161ho miesta pobytu, nie pod\u013ea va\u0161ej \u0161t\u00e1tnej pr\u00edslu\u0161nosti. Uistite sa, \u017ee viete, ktor\u00fd syst\u00e9m soci\u00e1lneho [...]<\/p><\/div><\/div><div class=\"fusion-meta-info\"><div class=\"fusion-alignleft\"><a class=\"fusion-read-more\" href=\"https:\/\/rakuskopraca.sk\/en\/vase-zdravotne-poistenie-a-europsky-preukaz-zdravotneho-poistenia\/\" aria-label=\"More on Va\u0161e zdravotn\u00e9 poistenie a eur\u00f3psky preukaz zdravotn\u00e9ho poistenia\">Read More<\/a><\/div><div class=\"fusion-alignright\"><span>Comments Off<span class=\"screen-reader-text\"> on Va\u0161e zdravotn\u00e9 poistenie a eur\u00f3psky preukaz zdravotn\u00e9ho poistenia<\/span><\/span><\/div><\/div><\/div><div class=\"fusion-clearfix\"><\/div><\/div>\n<\/article>\n<article id=\"blog-1-post-828\" style=\"border-color:#ebeaea;\" class=\"fusion-post-timeline fusion-clearfix fusion-left-column post-828 post type-post status-publish format-standard hentry category-uncategorized category-nezaradene category-nezaradene-en\">\n<div class=\"fusion-post-wrapper\" style=\"background-color:rgba(255,255,255,0);\">\n\n<div class=\"fusion-post-content-wrapper\" style=\"padding:30px 25px 25px 25px;\"><div class=\"fusion-post-content post-content\"><div class=\"fusion-timeline-circle\" style=\"background-color:#ebeaea;\"><\/div><div class=\"fusion-timeline-arrow\" style=\"color:#ebeaea;\"><\/div><h2 class=\"blog-shortcode-post-title entry-title\"><a href=\"https:\/\/rakuskopraca.sk\/en\/overview-of-e-forms-and-their-use\/\">Overview of E forms and their use<\/a><\/h2><p class=\"fusion-single-line-meta\">By <span class=\"vcard\"><span class=\"fn\"><a href=\"https:\/\/rakuskopraca.sk\/en\/author\/jana-varso\/\" title=\"Posts by Jana Var\u0161o\" rel=\"author\">Jana Var\u0161o<\/a><\/span><\/span><span class=\"fusion-inline-sep\">|<\/span><span class=\"updated\" style=\"display:none;\">2017-07-14T09:53:54+02:00<\/span><span>March 18th, 2015<\/span><span class=\"fusion-inline-sep\">|<\/span>Categories: <a href=\"https:\/\/rakuskopraca.sk\/ro\/category\/uncategorized\/\" rel=\"category tag\">categoriile<\/a>, <a href=\"https:\/\/rakuskopraca.sk\/category\/nezaradene\/\" rel=\"category tag\">Nezaraden\u00e9<\/a>, <a href=\"https:\/\/rakuskopraca.sk\/en\/category\/nezaradene-en\/\" rel=\"category tag\">Uncategorized<\/a><span class=\"fusion-inline-sep\">|<\/span><\/p><div class=\"fusion-content-sep sep-double sep-solid\"><\/div><div class=\"fusion-post-content-container\"><p>In this article, we provide you with a clear overview of E forms for social security in European Union and Switzerland . If you can not manage their filling in and administration we will be [...]<\/p><\/div><\/div><div class=\"fusion-meta-info\"><div class=\"fusion-alignleft\"><a class=\"fusion-read-more\" href=\"https:\/\/rakuskopraca.sk\/en\/overview-of-e-forms-and-their-use\/\" aria-label=\"More on Overview of E forms and their use\">Read More<\/a><\/div><div class=\"fusion-alignright\"><span>Comments Off<span class=\"screen-reader-text\"> on Overview of E forms and their use<\/span><\/span><\/div><\/div><\/div><div class=\"fusion-clearfix\"><\/div><\/div>\n<\/article>\n<article id=\"blog-1-post-801\" style=\"border-color:#ebeaea;\" class=\"fusion-post-timeline fusion-clearfix fusion-right-column post-801 post type-post status-publish format-standard hentry category-uncategorized category-nezaradene category-nezaradene-en\">\n<div class=\"fusion-post-wrapper\" style=\"background-color:rgba(255,255,255,0);\">\n\n<div class=\"fusion-post-content-wrapper\" style=\"padding:30px 25px 25px 25px;\"><div class=\"fusion-post-content post-content\"><div class=\"fusion-timeline-circle\" style=\"background-color:#ebeaea;\"><\/div><div class=\"fusion-timeline-arrow\" style=\"color:#ebeaea;\"><\/div><h2 class=\"blog-shortcode-post-title entry-title\"><a href=\"https:\/\/rakuskopraca.sk\/en\/double-taxation\/\">Double taxation<\/a><\/h2><p class=\"fusion-single-line-meta\">By <span class=\"vcard\"><span class=\"fn\"><a href=\"https:\/\/rakuskopraca.sk\/en\/author\/jana-varso\/\" title=\"Posts by Jana Var\u0161o\" rel=\"author\">Jana Var\u0161o<\/a><\/span><\/span><span class=\"fusion-inline-sep\">|<\/span><span class=\"updated\" style=\"display:none;\">2017-07-14T09:53:55+02:00<\/span><span>March 18th, 2015<\/span><span class=\"fusion-inline-sep\">|<\/span>Categories: <a href=\"https:\/\/rakuskopraca.sk\/ro\/category\/uncategorized\/\" rel=\"category tag\">categoriile<\/a>, <a href=\"https:\/\/rakuskopraca.sk\/category\/nezaradene\/\" rel=\"category tag\">Nezaraden\u00e9<\/a>, <a href=\"https:\/\/rakuskopraca.sk\/en\/category\/nezaradene-en\/\" rel=\"category tag\">Uncategorized<\/a><span class=\"fusion-inline-sep\">|<\/span><\/p><div class=\"fusion-content-sep sep-double sep-solid\"><\/div><div class=\"fusion-post-content-container\"><p>The risk of double taxation arises when your earnings have the right to tax the two countries, as for example: you live in one EU country but work in another (frontier worker) you sent\u00a0abroad for [...]<\/p><\/div><\/div><div class=\"fusion-meta-info\"><div class=\"fusion-alignleft\"><a class=\"fusion-read-more\" href=\"https:\/\/rakuskopraca.sk\/en\/double-taxation\/\" aria-label=\"More on Double taxation\">Read More<\/a><\/div><div class=\"fusion-alignright\"><span>Comments Off<span class=\"screen-reader-text\"> on Double taxation<\/span><\/span><\/div><\/div><\/div><div class=\"fusion-clearfix\"><\/div><\/div>\n<\/article>\n<article id=\"blog-1-post-306\" style=\"border-color:#ebeaea;\" class=\"fusion-post-timeline fusion-clearfix fusion-left-column post-306 post type-post status-publish format-standard hentry category-uncategorized category-nezaradene\">\n<div class=\"fusion-post-wrapper\" style=\"background-color:rgba(255,255,255,0);\">\n\n<div class=\"fusion-post-content-wrapper\" style=\"padding:30px 25px 25px 25px;\"><div class=\"fusion-post-content post-content\"><div class=\"fusion-timeline-circle\" style=\"background-color:#ebeaea;\"><\/div><div class=\"fusion-timeline-arrow\" style=\"color:#ebeaea;\"><\/div><h2 class=\"blog-shortcode-post-title entry-title\"><a href=\"https:\/\/rakuskopraca.sk\/en\/ked-sa-chystate-do-zahranicia\/\">Ke\u010f sa chyst\u00e1te do zahrani\u010dia&#8230;.<\/a><\/h2><p class=\"fusion-single-line-meta\">By <span class=\"vcard\"><span class=\"fn\"><a href=\"https:\/\/rakuskopraca.sk\/en\/author\/jana-varso\/\" title=\"Posts by Jana Var\u0161o\" rel=\"author\">Jana Var\u0161o<\/a><\/span><\/span><span class=\"fusion-inline-sep\">|<\/span><span class=\"updated\" style=\"display:none;\">2017-07-14T09:53:55+02:00<\/span><span>March 18th, 2015<\/span><span class=\"fusion-inline-sep\">|<\/span>Categories: <a href=\"https:\/\/rakuskopraca.sk\/ro\/category\/uncategorized\/\" rel=\"category tag\">categoriile<\/a>, <a href=\"https:\/\/rakuskopraca.sk\/category\/nezaradene\/\" rel=\"category tag\">Nezaraden\u00e9<\/a><span class=\"fusion-inline-sep\">|<\/span><\/p><div class=\"fusion-content-sep sep-double sep-solid\"><\/div><div class=\"fusion-post-content-container\"><p>Rozhodli ste sa pracova\u0165 v zahrani\u010d\u00ed a nie je v\u00e1m jasn\u00e9 \u010do v\u0161etko mus\u00edte vybavi\u0165? Ak je pre V\u00e1s behanie po \u00faradoch a vyp\u013a\u0148anie formul\u00e1rov stresuj\u00face, odpor\u00fa\u010dame V\u00e1m spo\u013eahn\u00fa\u0165 sa na\u00a0profesion\u00e1lnu person\u00e1lnu agent\u00faru, ktor\u00e1 v\u0161etko [...]<\/p><\/div><\/div><div class=\"fusion-meta-info\"><div class=\"fusion-alignleft\"><a class=\"fusion-read-more\" href=\"https:\/\/rakuskopraca.sk\/en\/ked-sa-chystate-do-zahranicia\/\" aria-label=\"More on Ke\u010f sa chyst\u00e1te do zahrani\u010dia&#8230;.\">Read More<\/a><\/div><div class=\"fusion-alignright\"><span>Comments Off<span class=\"screen-reader-text\"> on Ke\u010f sa chyst\u00e1te do zahrani\u010dia&#8230;.<\/span><\/span><\/div><\/div><\/div><div class=\"fusion-clearfix\"><\/div><\/div>\n<\/article>\n<article id=\"blog-1-post-800\" style=\"border-color:#ebeaea;\" class=\"fusion-post-timeline fusion-clearfix fusion-right-column post-800 post type-post status-publish format-standard hentry category-uncategorized category-nezaradene category-nezaradene-en\">\n<div class=\"fusion-post-wrapper\" style=\"background-color:rgba(255,255,255,0);\">\n\n<div class=\"fusion-post-content-wrapper\" style=\"padding:30px 25px 25px 25px;\"><div class=\"fusion-post-content post-content\"><div class=\"fusion-timeline-circle\" style=\"background-color:#ebeaea;\"><\/div><div class=\"fusion-timeline-arrow\" style=\"color:#ebeaea;\"><\/div><h2 class=\"blog-shortcode-post-title entry-title\"><a href=\"https:\/\/rakuskopraca.sk\/en\/caring-for-parents-and-children-in-our-country-and-in-europe\/\">Caring for parents and children in our country and in Europe<\/a><\/h2><p class=\"fusion-single-line-meta\">By <span class=\"vcard\"><span class=\"fn\"><a href=\"https:\/\/rakuskopraca.sk\/en\/author\/jana-varso\/\" title=\"Posts by Jana Var\u0161o\" rel=\"author\">Jana Var\u0161o<\/a><\/span><\/span><span class=\"fusion-inline-sep\">|<\/span><span class=\"updated\" style=\"display:none;\">2017-07-14T09:53:55+02:00<\/span><span>March 18th, 2015<\/span><span class=\"fusion-inline-sep\">|<\/span>Categories: <a href=\"https:\/\/rakuskopraca.sk\/ro\/category\/uncategorized\/\" rel=\"category tag\">categoriile<\/a>, <a href=\"https:\/\/rakuskopraca.sk\/category\/nezaradene\/\" rel=\"category tag\">Nezaraden\u00e9<\/a>, <a href=\"https:\/\/rakuskopraca.sk\/en\/category\/nezaradene-en\/\" rel=\"category tag\">Uncategorized<\/a><span class=\"fusion-inline-sep\">|<\/span><\/p><div class=\"fusion-content-sep sep-double sep-solid\"><\/div><div class=\"fusion-post-content-container\"><p>Parental leave is our fundamental means for the care of young children. Its parameters have a significant impact on the lives of parents. From what such leave is granted and what not, depends if the [...]<\/p><\/div><\/div><div class=\"fusion-meta-info\"><div class=\"fusion-alignleft\"><a class=\"fusion-read-more\" href=\"https:\/\/rakuskopraca.sk\/en\/caring-for-parents-and-children-in-our-country-and-in-europe\/\" aria-label=\"More on Caring for parents and children in our country and in Europe\">Read More<\/a><\/div><div class=\"fusion-alignright\"><span>Comments Off<span class=\"screen-reader-text\"> on Caring for parents and children in our country and in Europe<\/span><\/span><\/div><\/div><\/div><div class=\"fusion-clearfix\"><\/div><\/div>\n<\/article>\n<\/div><\/div><\/div><div class=\"pagination clearfix\"><span class=\"current\">1<\/span><a href=\"https:\/\/rakuskopraca.sk\/en\/wp-json\/wp\/v2\/pages\/602\/page\/2\/\" class=\"inactive\">2<\/a><a class=\"pagination-next\" rel=\"next\" href=\"https:\/\/rakuskopraca.sk\/en\/wp-json\/wp\/v2\/pages\/602\/page\/2\/\"><span class=\"page-text\">Next<\/span><span class=\"page-next\"><\/span><\/a><\/div><div class=\"fusion-clearfix\"><\/div><\/div><div class=\"fusion-clearfix\"><\/div><\/div><\/div><\/div><\/div>\n","protected":false},"excerpt":{"rendered":"","protected":false},"author":1,"featured_media":0,"parent":0,"menu_order":0,"comment_status":"open","ping_status":"open","template":"","meta":{"footnotes":""},"_links":{"self":[{"href":"https:\/\/rakuskopraca.sk\/en\/wp-json\/wp\/v2\/pages\/602"}],"collection":[{"href":"https:\/\/rakuskopraca.sk\/en\/wp-json\/wp\/v2\/pages"}],"about":[{"href":"https:\/\/rakuskopraca.sk\/en\/wp-json\/wp\/v2\/types\/page"}],"author":[{"embeddable":true,"href":"https:\/\/rakuskopraca.sk\/en\/wp-json\/wp\/v2\/users\/1"}],"replies":[{"embeddable":true,"href":"https:\/\/rakuskopraca.sk\/en\/wp-json\/wp\/v2\/comments?post=602"}],"version-history":[{"count":1,"href":"https:\/\/rakuskopraca.sk\/en\/wp-json\/wp\/v2\/pages\/602\/revisions"}],"predecessor-version":[{"id":2353,"href":"https:\/\/rakuskopraca.sk\/en\/wp-json\/wp\/v2\/pages\/602\/revisions\/2353"}],"wp:attachment":[{"href":"https:\/\/rakuskopraca.sk\/en\/wp-json\/wp\/v2\/media?parent=602"}],"curies":[{"name":"wp","href":"https:\/\/api.w.org\/{rel}","templated":true}]}}