{"id":506,"date":"2015-03-05T13:48:15","date_gmt":"2015-03-05T12:48:15","guid":{"rendered":"https:\/\/rakuskopraca.sk\/blog-2\/"},"modified":"2017-07-14T09:53:47","modified_gmt":"2017-07-14T07:53:47","slug":"blog-7","status":"publish","type":"page","link":"https:\/\/rakuskopraca.sk\/de\/blog-7\/","title":{"rendered":"Blog"},"content":{"rendered":"<div class=\"fusion-fullwidth fullwidth-box fusion-builder-row-1 fusion-flex-container hundred-percent-fullwidth non-hundred-percent-height-scrolling\" style=\"--awb-border-radius-top-left:0px;--awb-border-radius-top-right:0px;--awb-border-radius-bottom-right:0px;--awb-border-radius-bottom-left:0px;--awb-overflow:visible;--awb-flex-wrap:wrap;\" ><div class=\"fusion-builder-row fusion-row fusion-flex-align-items-flex-start fusion-flex-content-wrap\" style=\"width:calc( 100% + 0px ) !important;max-width:calc( 100% + 0px ) !important;margin-left: calc(-0px \/ 2 );margin-right: calc(-0px \/ 2 );\"><div class=\"fusion-layout-column fusion_builder_column fusion-builder-column-0 fusion_builder_column_1_1 1_1 fusion-flex-column fusion-flex-align-self-flex-start fusion-column-no-min-height\" style=\"--awb-bg-size:cover;--awb-width-large:100%;--awb-margin-top-large:0px;--awb-spacing-right-large:0px;--awb-margin-bottom-large:0px;--awb-spacing-left-large:0px;--awb-width-medium:100%;--awb-spacing-right-medium:0px;--awb-spacing-left-medium:0px;--awb-width-small:100%;--awb-spacing-right-small:0px;--awb-spacing-left-small:0px;\"><div class=\"fusion-column-wrapper fusion-flex-justify-content-flex-start fusion-content-layout-column\"><div class=\"fusion-blog-shortcode fusion-blog-shortcode-1 fusion-blog-archive fusion-blog-layout-timeline-wrapper fusion-blog-pagination\"><div class=\"fusion-posts-container fusion-posts-container-pagination fusion-blog-rollover\" data-pages=\"3\"><div class=\"fusion-timeline-icon\"><i class=\"awb-icon-bubbles\" style=\"color:#ebeaea;\" aria-hidden=\"true\"><\/i><\/div><div class=\"fusion-blog-layout-timeline fusion-clearfix\"><div class=\"fusion-timeline-line\" style=\"border-left:1px solid #ebeaea;border-right:1px solid #ebeaea;\"><\/div><h3 class=\"fusion-timeline-date\" style=\"background-color:#ebeaea;\">M\u00e4rz 2015<\/h3><div class=\"fusion-collapse-month\"><article id=\"blog-1-post-303\" style=\"border-color:#ebeaea;\" class=\"fusion-post-timeline fusion-clearfix fusion-left-column post-303 post type-post status-publish format-standard hentry category-nezaradene\">\n<div class=\"fusion-post-wrapper\" style=\"background-color:rgba(255,255,255,0);\">\n\n<div class=\"fusion-post-content-wrapper\" style=\"padding:30px 25px 25px 25px;\"><div class=\"fusion-post-content post-content\"><div class=\"fusion-timeline-circle\" style=\"background-color:#ebeaea;\"><\/div><div class=\"fusion-timeline-arrow\" style=\"color:#ebeaea;\"><\/div><h2 class=\"blog-shortcode-post-title\"><a href=\"https:\/\/rakuskopraca.sk\/de\/zaujimave-linky\/\">ZAUJ\u00cdMAV\u00c9 LINKY<\/a><\/h2><p class=\"fusion-single-line-meta\">By <span><a href=\"https:\/\/rakuskopraca.sk\/de\/author\/jana-varso\/\" title=\"Beitr\u00e4ge von Jana Var\u0161o\" rel=\"author\">Jana Var\u0161o<\/a><\/span><span class=\"fusion-inline-sep\">|<\/span><span>M\u00e4rz 18th, 2015<\/span><span class=\"fusion-inline-sep\">|<\/span>Categories: <a href=\"https:\/\/rakuskopraca.sk\/category\/nezaradene\/\" rel=\"category tag\">Nezaraden\u00e9<\/a><span class=\"fusion-inline-sep\">|<\/span><\/p><div class=\"fusion-content-sep sep-double sep-solid\"><\/div><div class=\"fusion-post-content-container\"><p>ZAUJ\u00cdMAV\u00c9 LINKY Pracovn\u00fd port\u00e1l - www.atena.sk Ponuky pr\u00e1ce - https:\/\/www.atena.sk\/sk\/home Slovensk\u00fd port\u00e1l pre pracovn\u00fa mobilitu \u2013 www.eures.sk Soci\u00e1lna pois\u0165ov\u0148a \u2013 www.socpoist.sk Cestovn\u00fd poriadok \u2013 www.odchody.sk, www.cp.sk, www.travel.sk, www.cpzoznam.sk Zdravotn\u00e9 pois\u0165ovne \u2013 www.vszp.sk, www.unionzp.sk, www.ezp.sk, www.dovera.sk,<\/p><\/div><\/div><div class=\"fusion-meta-info\"><div class=\"fusion-alignleft\"><a class=\"fusion-read-more\" href=\"https:\/\/rakuskopraca.sk\/de\/zaujimave-linky\/\" aria-label=\"More on ZAUJ\u00cdMAV\u00c9 LINKY\">Read More<\/a><\/div><div class=\"fusion-alignright\"><span>Kommentare deaktiviert<span class=\"screen-reader-text\"> f\u00fcr ZAUJ\u00cdMAV\u00c9 LINKY<\/span><\/span><\/div><\/div><\/div><div class=\"fusion-clearfix\"><\/div><\/div>\n<\/article>\n<article id=\"blog-1-post-807\" style=\"border-color:#ebeaea;\" class=\"fusion-post-timeline fusion-clearfix fusion-right-column post-807 post type-post status-publish format-standard hentry category-nezaradene-de\">\n<div class=\"fusion-post-wrapper\" style=\"background-color:rgba(255,255,255,0);\">\n\n<div class=\"fusion-post-content-wrapper\" style=\"padding:30px 25px 25px 25px;\"><div class=\"fusion-post-content post-content\"><div class=\"fusion-timeline-circle\" style=\"background-color:#ebeaea;\"><\/div><div class=\"fusion-timeline-arrow\" style=\"color:#ebeaea;\"><\/div><h2 class=\"blog-shortcode-post-title\"><a href=\"https:\/\/rakuskopraca.sk\/de\/ihre-krankenversicherung-und-der-europaische-krankenversicherungsausweis\/\">Ihre Krankenversicherung und der Europ\u00e4ische Krankenversicherungsausweis<\/a><\/h2><p class=\"fusion-single-line-meta\">By <span><a href=\"https:\/\/rakuskopraca.sk\/de\/author\/jana-varso\/\" title=\"Beitr\u00e4ge von Jana Var\u0161o\" rel=\"author\">Jana Var\u0161o<\/a><\/span><span class=\"fusion-inline-sep\">|<\/span><span>M\u00e4rz 18th, 2015<\/span><span class=\"fusion-inline-sep\">|<\/span>Categories: <a href=\"https:\/\/rakuskopraca.sk\/de\/category\/nezaradene-de\/\" rel=\"category tag\">Allgemein<\/a><span class=\"fusion-inline-sep\">|<\/span><\/p><div class=\"fusion-content-sep sep-double sep-solid\"><\/div><div class=\"fusion-post-content-container\"><p>Das Land, das f\u00fcr Ihre Sozialversicherung einschlie\u00dflich Ihrer Krankenversicherung haftet, wird in der EU nach Ihrer Wirtschaftsaktivit\u00e4t und Ihrem Aufenthaltsort und nicht nach Ihrer Staatsb\u00fcrgerschaft bestimmt. Vergewissern Sie sich, dass es Ihnen bekannt ist, welches<\/p><\/div><\/div><div class=\"fusion-meta-info\"><div class=\"fusion-alignleft\"><a class=\"fusion-read-more\" href=\"https:\/\/rakuskopraca.sk\/de\/ihre-krankenversicherung-und-der-europaische-krankenversicherungsausweis\/\" aria-label=\"More on Ihre Krankenversicherung und der Europ\u00e4ische Krankenversicherungsausweis\">Read More<\/a><\/div><div class=\"fusion-alignright\"><span>Kommentare deaktiviert<span class=\"screen-reader-text\"> f\u00fcr Ihre Krankenversicherung und der Europ\u00e4ische Krankenversicherungsausweis<\/span><\/span><\/div><\/div><\/div><div class=\"fusion-clearfix\"><\/div><\/div>\n<\/article>\n<article id=\"blog-1-post-378\" style=\"border-color:#ebeaea;\" class=\"fusion-post-timeline fusion-clearfix fusion-left-column post-378 post type-post status-publish format-standard hentry category-uncategorized category-nezaradene\">\n<div class=\"fusion-post-wrapper\" style=\"background-color:rgba(255,255,255,0);\">\n\n<div class=\"fusion-post-content-wrapper\" style=\"padding:30px 25px 25px 25px;\"><div class=\"fusion-post-content post-content\"><div class=\"fusion-timeline-circle\" style=\"background-color:#ebeaea;\"><\/div><div class=\"fusion-timeline-arrow\" style=\"color:#ebeaea;\"><\/div><h2 class=\"blog-shortcode-post-title\"><a href=\"https:\/\/rakuskopraca.sk\/de\/nebojte-sa-eciek\/\">Preh\u013ead formul\u00e1rov typu E a ich pou\u017eitie<\/a><\/h2><p class=\"fusion-single-line-meta\">By <span><a href=\"https:\/\/rakuskopraca.sk\/de\/author\/jana-varso\/\" title=\"Beitr\u00e4ge von Jana Var\u0161o\" rel=\"author\">Jana Var\u0161o<\/a><\/span><span class=\"fusion-inline-sep\">|<\/span><span>M\u00e4rz 18th, 2015<\/span><span class=\"fusion-inline-sep\">|<\/span>Categories: <a href=\"https:\/\/rakuskopraca.sk\/ro\/category\/uncategorized\/\" rel=\"category tag\">categoriile<\/a>, <a href=\"https:\/\/rakuskopraca.sk\/category\/nezaradene\/\" rel=\"category tag\">Nezaraden\u00e9<\/a><span class=\"fusion-inline-sep\">|<\/span><\/p><div class=\"fusion-content-sep sep-double sep-solid\"><\/div><div class=\"fusion-post-content-container\"><p>V tomto \u010dl\u00e1nku V\u00e1m poskytneme jasn\u00fd preh\u013ead formul\u00e1rov typu E pre soci\u00e1lne zabezpe\u010denie v r\u00e1mci \u0161t\u00e1tov Eur\u00f3pskej \u00fanie a \u0160vaj\u010diarska. Pokia\u013e si s nimi neviete poradi\u0165, s ich vyp\u013a\u0148an\u00edm a pod\u00e1van\u00edm V\u00e1m radi pom\u00f4\u017eeme. Sta\u010d\u00ed,<\/p><\/div><\/div><div class=\"fusion-meta-info\"><div class=\"fusion-alignleft\"><a class=\"fusion-read-more\" href=\"https:\/\/rakuskopraca.sk\/de\/nebojte-sa-eciek\/\" aria-label=\"More on Preh\u013ead formul\u00e1rov typu E a ich pou\u017eitie\">Read More<\/a><\/div><div class=\"fusion-alignright\"><span>Kommentare deaktiviert<span class=\"screen-reader-text\"> f\u00fcr Preh\u013ead formul\u00e1rov typu E a ich pou\u017eitie<\/span><\/span><\/div><\/div><\/div><div class=\"fusion-clearfix\"><\/div><\/div>\n<\/article>\n<article id=\"blog-1-post-808\" style=\"border-color:#ebeaea;\" class=\"fusion-post-timeline fusion-clearfix fusion-right-column post-808 post type-post status-publish format-standard hentry category-nezaradene-de\">\n<div class=\"fusion-post-wrapper\" style=\"background-color:rgba(255,255,255,0);\">\n\n<div class=\"fusion-post-content-wrapper\" style=\"padding:30px 25px 25px 25px;\"><div class=\"fusion-post-content post-content\"><div class=\"fusion-timeline-circle\" style=\"background-color:#ebeaea;\"><\/div><div class=\"fusion-timeline-arrow\" style=\"color:#ebeaea;\"><\/div><h2 class=\"blog-shortcode-post-title\"><a href=\"https:\/\/rakuskopraca.sk\/de\/doppelte-versteuerung\/\">Doppelte Versteuerung<\/a><\/h2><p class=\"fusion-single-line-meta\">By <span><a href=\"https:\/\/rakuskopraca.sk\/de\/author\/jana-varso\/\" title=\"Beitr\u00e4ge von Jana Var\u0161o\" rel=\"author\">Jana Var\u0161o<\/a><\/span><span class=\"fusion-inline-sep\">|<\/span><span>M\u00e4rz 18th, 2015<\/span><span class=\"fusion-inline-sep\">|<\/span>Categories: <a href=\"https:\/\/rakuskopraca.sk\/de\/category\/nezaradene-de\/\" rel=\"category tag\">Allgemein<\/a><span class=\"fusion-inline-sep\">|<\/span><\/p><div class=\"fusion-content-sep sep-double sep-solid\"><\/div><div class=\"fusion-post-content-container\"><p>Das Risiko der doppelten Versteuerung entsteht, wenn Ihre Einnahmen in zwei L\u00e4ndern versteuert werden k\u00f6nnen, denn z.B.: \u00a0 Sie leben in einem EU-Land und arbeiten in einem anderen EU-Land (\u00dcbergrenzarbeiter) Sie werden kurzfristig ins Ausland<\/p><\/div><\/div><div class=\"fusion-meta-info\"><div class=\"fusion-alignleft\"><a class=\"fusion-read-more\" href=\"https:\/\/rakuskopraca.sk\/de\/doppelte-versteuerung\/\" aria-label=\"More on Doppelte Versteuerung\">Read More<\/a><\/div><div class=\"fusion-alignright\"><span>Kommentare deaktiviert<span class=\"screen-reader-text\"> f\u00fcr Doppelte Versteuerung<\/span><\/span><\/div><\/div><\/div><div class=\"fusion-clearfix\"><\/div><\/div>\n<\/article>\n<article id=\"blog-1-post-809\" style=\"border-color:#ebeaea;\" class=\"fusion-post-timeline fusion-clearfix fusion-left-column post-809 post type-post status-publish format-standard hentry category-nezaradene-de category-uncategorized category-nezaradene\">\n<div class=\"fusion-post-wrapper\" style=\"background-color:rgba(255,255,255,0);\">\n\n<div class=\"fusion-post-content-wrapper\" style=\"padding:30px 25px 25px 25px;\"><div class=\"fusion-post-content post-content\"><div class=\"fusion-timeline-circle\" style=\"background-color:#ebeaea;\"><\/div><div class=\"fusion-timeline-arrow\" style=\"color:#ebeaea;\"><\/div><h2 class=\"blog-shortcode-post-title\"><a href=\"https:\/\/rakuskopraca.sk\/de\/wenn-sie-einen-auslandsaufenthalt-planen\/\">Wenn Sie einen Auslandsaufenthalt planen\u2026..<\/a><\/h2><p class=\"fusion-single-line-meta\">By <span><a href=\"https:\/\/rakuskopraca.sk\/de\/author\/jana-varso\/\" title=\"Beitr\u00e4ge von Jana Var\u0161o\" rel=\"author\">Jana Var\u0161o<\/a><\/span><span class=\"fusion-inline-sep\">|<\/span><span>M\u00e4rz 18th, 2015<\/span><span class=\"fusion-inline-sep\">|<\/span>Categories: <a href=\"https:\/\/rakuskopraca.sk\/de\/category\/nezaradene-de\/\" rel=\"category tag\">Allgemein<\/a>, <a href=\"https:\/\/rakuskopraca.sk\/ro\/category\/uncategorized\/\" rel=\"category tag\">categoriile<\/a>, <a href=\"https:\/\/rakuskopraca.sk\/category\/nezaradene\/\" rel=\"category tag\">Nezaraden\u00e9<\/a><span class=\"fusion-inline-sep\">|<\/span><\/p><div class=\"fusion-content-sep sep-double sep-solid\"><\/div><div class=\"fusion-post-content-container\"><p>Haben Sie sich entschieden, im Ausland zu arbeiten und es ist Ihnen nicht klar, was alles Sie erledigen sollten? \u00a0 Wenn f\u00fcr Sie der Rundgang durch \u00c4mter aller Art und Ausf\u00fcllen von Formularen stressig ist,<\/p><\/div><\/div><div class=\"fusion-meta-info\"><div class=\"fusion-alignleft\"><a class=\"fusion-read-more\" href=\"https:\/\/rakuskopraca.sk\/de\/wenn-sie-einen-auslandsaufenthalt-planen\/\" aria-label=\"More on Wenn Sie einen Auslandsaufenthalt planen\u2026..\">Read More<\/a><\/div><div class=\"fusion-alignright\"><span>Kommentare deaktiviert<span class=\"screen-reader-text\"> f\u00fcr Wenn Sie einen Auslandsaufenthalt planen\u2026..<\/span><\/span><\/div><\/div><\/div><div class=\"fusion-clearfix\"><\/div><\/div>\n<\/article>\n<article id=\"blog-1-post-810\" style=\"border-color:#ebeaea;\" class=\"fusion-post-timeline fusion-clearfix fusion-right-column post-810 post type-post status-publish format-standard hentry category-nezaradene-de\">\n<div class=\"fusion-post-wrapper\" style=\"background-color:rgba(255,255,255,0);\">\n\n<div class=\"fusion-post-content-wrapper\" style=\"padding:30px 25px 25px 25px;\"><div class=\"fusion-post-content post-content\"><div class=\"fusion-timeline-circle\" style=\"background-color:#ebeaea;\"><\/div><div class=\"fusion-timeline-arrow\" style=\"color:#ebeaea;\"><\/div><h2 class=\"blog-shortcode-post-title\"><a href=\"https:\/\/rakuskopraca.sk\/de\/eltern-und-kinderbetreuung-bei-uns-und-in-europa\/\">Eltern- und Kinderbetreuung bei uns und in Europa<\/a><\/h2><p class=\"fusion-single-line-meta\">By <span><a href=\"https:\/\/rakuskopraca.sk\/de\/author\/jana-varso\/\" title=\"Beitr\u00e4ge von Jana Var\u0161o\" rel=\"author\">Jana Var\u0161o<\/a><\/span><span class=\"fusion-inline-sep\">|<\/span><span>M\u00e4rz 18th, 2015<\/span><span class=\"fusion-inline-sep\">|<\/span>Categories: <a href=\"https:\/\/rakuskopraca.sk\/de\/category\/nezaradene-de\/\" rel=\"category tag\">Allgemein<\/a><span class=\"fusion-inline-sep\">|<\/span><\/p><div class=\"fusion-content-sep sep-double sep-solid\"><\/div><div class=\"fusion-post-content-container\"><p>Der Erziehungsurlaub ist bei uns das grundlegende Mittel zur Gew\u00e4hrleistung der Betreuung von kleinen Kindern. Die Parameter dieses Urlaubs haben einen bedeutenden Einfluss auf das Leben der Eltern. Von den Leistungen dieses Urlaubs h\u00e4ngt oft<\/p><\/div><\/div><div class=\"fusion-meta-info\"><div class=\"fusion-alignleft\"><a class=\"fusion-read-more\" href=\"https:\/\/rakuskopraca.sk\/de\/eltern-und-kinderbetreuung-bei-uns-und-in-europa\/\" aria-label=\"More on Eltern- und Kinderbetreuung bei uns und in Europa\">Read More<\/a><\/div><div class=\"fusion-alignright\"><span>Kommentare deaktiviert<span class=\"screen-reader-text\"> f\u00fcr Eltern- und Kinderbetreuung bei uns und in Europa<\/span><\/span><\/div><\/div><\/div><div class=\"fusion-clearfix\"><\/div><\/div>\n<\/article>\n<\/div><\/div><\/div><div class=\"pagination clearfix\"><span class=\"current\">1<\/span><a href=\"https:\/\/rakuskopraca.sk\/de\/wp-json\/wp\/v2\/pages\/506\/page\/2\/\" class=\"inactive\">2<\/a><a class=\"pagination-next\" rel=\"next\" href=\"https:\/\/rakuskopraca.sk\/de\/wp-json\/wp\/v2\/pages\/506\/page\/2\/\"><span class=\"page-text\">Next<\/span><span class=\"page-next\"><\/span><\/a><\/div><div class=\"fusion-clearfix\"><\/div><\/div><\/div><\/div><\/div><\/div>\n","protected":false},"excerpt":{"rendered":"","protected":false},"author":1,"featured_media":0,"parent":0,"menu_order":0,"comment_status":"open","ping_status":"open","template":"","meta":{"footnotes":""},"_links":{"self":[{"href":"https:\/\/rakuskopraca.sk\/de\/wp-json\/wp\/v2\/pages\/506"}],"collection":[{"href":"https:\/\/rakuskopraca.sk\/de\/wp-json\/wp\/v2\/pages"}],"about":[{"href":"https:\/\/rakuskopraca.sk\/de\/wp-json\/wp\/v2\/types\/page"}],"author":[{"embeddable":true,"href":"https:\/\/rakuskopraca.sk\/de\/wp-json\/wp\/v2\/users\/1"}],"replies":[{"embeddable":true,"href":"https:\/\/rakuskopraca.sk\/de\/wp-json\/wp\/v2\/comments?post=506"}],"version-history":[{"count":2,"href":"https:\/\/rakuskopraca.sk\/de\/wp-json\/wp\/v2\/pages\/506\/revisions"}],"predecessor-version":[{"id":2358,"href":"https:\/\/rakuskopraca.sk\/de\/wp-json\/wp\/v2\/pages\/506\/revisions\/2358"}],"wp:attachment":[{"href":"https:\/\/rakuskopraca.sk\/de\/wp-json\/wp\/v2\/media?parent=506"}],"curies":[{"name":"wp","href":"https:\/\/api.w.org\/{rel}","templated":true}]}}