{"id":507,"date":"2015-03-05T13:48:15","date_gmt":"2015-03-05T13:48:15","guid":{"rendered":"https:\/\/rakuskopraca.sk\/blog-2\/"},"modified":"2017-07-14T09:53:47","modified_gmt":"2017-07-14T07:53:47","slug":"blog-6","status":"publish","type":"page","link":"https:\/\/rakuskopraca.sk\/cs\/blog-6\/","title":{"rendered":"Blog"},"content":{"rendered":"<div class=\"fusion-fullwidth fullwidth-box fusion-builder-row-1 fusion-flex-container hundred-percent-fullwidth non-hundred-percent-height-scrolling\" style=\"--awb-border-radius-top-left:0px;--awb-border-radius-top-right:0px;--awb-border-radius-bottom-right:0px;--awb-border-radius-bottom-left:0px;--awb-overflow:visible;--awb-flex-wrap:wrap;\" ><div class=\"fusion-builder-row fusion-row fusion-flex-align-items-flex-start fusion-flex-content-wrap\" style=\"width:calc( 100% + 0px ) !important;max-width:calc( 100% + 0px ) !important;margin-left: calc(-0px \/ 2 );margin-right: calc(-0px \/ 2 );\"><div class=\"fusion-layout-column fusion_builder_column fusion-builder-column-0 fusion_builder_column_1_1 1_1 fusion-flex-column fusion-flex-align-self-flex-start fusion-column-no-min-height\" style=\"--awb-bg-size:cover;--awb-width-large:100%;--awb-margin-top-large:0px;--awb-spacing-right-large:0px;--awb-margin-bottom-large:0px;--awb-spacing-left-large:0px;--awb-width-medium:100%;--awb-spacing-right-medium:0px;--awb-spacing-left-medium:0px;--awb-width-small:100%;--awb-spacing-right-small:0px;--awb-spacing-left-small:0px;\"><div class=\"fusion-column-wrapper fusion-flex-justify-content-flex-start fusion-content-layout-column\"><div class=\"fusion-blog-shortcode fusion-blog-shortcode-1 fusion-blog-archive fusion-blog-layout-timeline-wrapper fusion-blog-pagination\"><div class=\"fusion-posts-container fusion-posts-container-pagination fusion-blog-rollover\" data-pages=\"3\"><div class=\"fusion-timeline-icon\"><i class=\"awb-icon-bubbles\" style=\"color:#ebeaea;\" aria-hidden=\"true\"><\/i><\/div><div class=\"fusion-blog-layout-timeline fusion-clearfix\"><div class=\"fusion-timeline-line\" style=\"border-left:1px solid #ebeaea;border-right:1px solid #ebeaea;\"><\/div><h3 class=\"fusion-timeline-date\" style=\"background-color:#ebeaea;\">B\u0159ezen 2015<\/h3><div class=\"fusion-collapse-month\"><article id=\"blog-1-post-303\" style=\"border-color:#ebeaea;\" class=\"fusion-post-timeline fusion-clearfix fusion-left-column post-303 post type-post status-publish format-standard hentry category-nezaradene\">\n<div class=\"fusion-post-wrapper\" style=\"background-color:rgba(255,255,255,0);\">\n\n<div class=\"fusion-post-content-wrapper\" style=\"padding:30px 25px 25px 25px;\"><div class=\"fusion-post-content post-content\"><div class=\"fusion-timeline-circle\" style=\"background-color:#ebeaea;\"><\/div><div class=\"fusion-timeline-arrow\" style=\"color:#ebeaea;\"><\/div><h2 class=\"blog-shortcode-post-title\"><a href=\"https:\/\/rakuskopraca.sk\/cs\/zaujimave-linky\/\">ZAUJ\u00cdMAV\u00c9 LINKY<\/a><\/h2><p class=\"fusion-single-line-meta\">By <span><a href=\"https:\/\/rakuskopraca.sk\/cs\/author\/jana-varso\/\" title=\"P\u0159\u00edsp\u011bvky od Jana Var\u0161o\" rel=\"author\">Jana Var\u0161o<\/a><\/span><span class=\"fusion-inline-sep\">|<\/span><span>18 b\u0159ezna, 2015<\/span><span class=\"fusion-inline-sep\">|<\/span>Categories: <a href=\"https:\/\/rakuskopraca.sk\/category\/nezaradene\/\" rel=\"category tag\">Nezaraden\u00e9<\/a><span class=\"fusion-inline-sep\">|<\/span><\/p><div class=\"fusion-content-sep sep-double sep-solid\"><\/div><div class=\"fusion-post-content-container\"><p>ZAUJ\u00cdMAV\u00c9 LINKY Pracovn\u00fd port\u00e1l - www.atena.sk Ponuky pr\u00e1ce - https:\/\/www.atena.sk\/sk\/home Slovensk\u00fd port\u00e1l pre pracovn\u00fa mobilitu \u2013 www.eures.sk Soci\u00e1lna pois\u0165ov\u0148a \u2013 www.socpoist.sk Cestovn\u00fd poriadok \u2013 www.odchody.sk, www.cp.sk, www.travel.sk, www.cpzoznam.sk Zdravotn\u00e9 pois\u0165ovne \u2013 www.vszp.sk, www.unionzp.sk, www.ezp.sk, www.dovera.sk,<\/p><\/div><\/div><div class=\"fusion-meta-info\"><div class=\"fusion-alignleft\"><a class=\"fusion-read-more\" href=\"https:\/\/rakuskopraca.sk\/cs\/zaujimave-linky\/\" aria-label=\"More on ZAUJ\u00cdMAV\u00c9 LINKY\">Read More<\/a><\/div><div class=\"fusion-alignright\"><span>Koment\u00e1\u0159e nejsou povolen\u00e9<span class=\"screen-reader-text\"> u textu s n\u00e1zvem ZAUJ\u00cdMAV\u00c9 LINKY<\/span><\/span><\/div><\/div><\/div><div class=\"fusion-clearfix\"><\/div><\/div>\n<\/article>\n<article id=\"blog-1-post-386\" style=\"border-color:#ebeaea;\" class=\"fusion-post-timeline fusion-clearfix fusion-right-column post-386 post type-post status-publish format-standard hentry category-uncategorized category-nezaradene\">\n<div class=\"fusion-post-wrapper\" style=\"background-color:rgba(255,255,255,0);\">\n\n<div class=\"fusion-post-content-wrapper\" style=\"padding:30px 25px 25px 25px;\"><div class=\"fusion-post-content post-content\"><div class=\"fusion-timeline-circle\" style=\"background-color:#ebeaea;\"><\/div><div class=\"fusion-timeline-arrow\" style=\"color:#ebeaea;\"><\/div><h2 class=\"blog-shortcode-post-title\"><a href=\"https:\/\/rakuskopraca.sk\/cs\/vase-zdravotne-poistenie-a-europsky-preukaz-zdravotneho-poistenia\/\">Va\u0161e zdravotn\u00e9 poistenie a eur\u00f3psky preukaz zdravotn\u00e9ho poistenia<\/a><\/h2><p class=\"fusion-single-line-meta\">By <span><a href=\"https:\/\/rakuskopraca.sk\/cs\/author\/jana-varso\/\" title=\"P\u0159\u00edsp\u011bvky od Jana Var\u0161o\" rel=\"author\">Jana Var\u0161o<\/a><\/span><span class=\"fusion-inline-sep\">|<\/span><span>18 b\u0159ezna, 2015<\/span><span class=\"fusion-inline-sep\">|<\/span>Categories: <a href=\"https:\/\/rakuskopraca.sk\/ro\/category\/uncategorized\/\" rel=\"category tag\">categoriile<\/a>, <a href=\"https:\/\/rakuskopraca.sk\/category\/nezaradene\/\" rel=\"category tag\">Nezaraden\u00e9<\/a><span class=\"fusion-inline-sep\">|<\/span><\/p><div class=\"fusion-content-sep sep-double sep-solid\"><\/div><div class=\"fusion-post-content-container\"><p>Krajina, ktor\u00e1 zodpoved\u00e1 za va\u0161e soci\u00e1lne zabezpe\u010denie vr\u00e1tane v\u00e1\u0161ho zdravotn\u00e9ho poistenia, sa v E\u00da ur\u010duje pod\u013ea va\u0161ej ekonomickej aktivity a v\u00e1\u0161ho miesta pobytu, nie pod\u013ea va\u0161ej \u0161t\u00e1tnej pr\u00edslu\u0161nosti. Uistite sa, \u017ee viete, ktor\u00fd syst\u00e9m soci\u00e1lneho<\/p><\/div><\/div><div class=\"fusion-meta-info\"><div class=\"fusion-alignleft\"><a class=\"fusion-read-more\" href=\"https:\/\/rakuskopraca.sk\/cs\/vase-zdravotne-poistenie-a-europsky-preukaz-zdravotneho-poistenia\/\" aria-label=\"More on Va\u0161e zdravotn\u00e9 poistenie a eur\u00f3psky preukaz zdravotn\u00e9ho poistenia\">Read More<\/a><\/div><div class=\"fusion-alignright\"><span>Koment\u00e1\u0159e nejsou povolen\u00e9<span class=\"screen-reader-text\"> u textu s n\u00e1zvem Va\u0161e zdravotn\u00e9 poistenie a eur\u00f3psky preukaz zdravotn\u00e9ho poistenia<\/span><\/span><\/div><\/div><\/div><div class=\"fusion-clearfix\"><\/div><\/div>\n<\/article>\n<article id=\"blog-1-post-378\" style=\"border-color:#ebeaea;\" class=\"fusion-post-timeline fusion-clearfix fusion-left-column post-378 post type-post status-publish format-standard hentry category-uncategorized category-nezaradene\">\n<div class=\"fusion-post-wrapper\" style=\"background-color:rgba(255,255,255,0);\">\n\n<div class=\"fusion-post-content-wrapper\" style=\"padding:30px 25px 25px 25px;\"><div class=\"fusion-post-content post-content\"><div class=\"fusion-timeline-circle\" style=\"background-color:#ebeaea;\"><\/div><div class=\"fusion-timeline-arrow\" style=\"color:#ebeaea;\"><\/div><h2 class=\"blog-shortcode-post-title\"><a href=\"https:\/\/rakuskopraca.sk\/cs\/nebojte-sa-eciek\/\">Preh\u013ead formul\u00e1rov typu E a ich pou\u017eitie<\/a><\/h2><p class=\"fusion-single-line-meta\">By <span><a href=\"https:\/\/rakuskopraca.sk\/cs\/author\/jana-varso\/\" title=\"P\u0159\u00edsp\u011bvky od Jana Var\u0161o\" rel=\"author\">Jana Var\u0161o<\/a><\/span><span class=\"fusion-inline-sep\">|<\/span><span>18 b\u0159ezna, 2015<\/span><span class=\"fusion-inline-sep\">|<\/span>Categories: <a href=\"https:\/\/rakuskopraca.sk\/ro\/category\/uncategorized\/\" rel=\"category tag\">categoriile<\/a>, <a href=\"https:\/\/rakuskopraca.sk\/category\/nezaradene\/\" rel=\"category tag\">Nezaraden\u00e9<\/a><span class=\"fusion-inline-sep\">|<\/span><\/p><div class=\"fusion-content-sep sep-double sep-solid\"><\/div><div class=\"fusion-post-content-container\"><p>V tomto \u010dl\u00e1nku V\u00e1m poskytneme jasn\u00fd preh\u013ead formul\u00e1rov typu E pre soci\u00e1lne zabezpe\u010denie v r\u00e1mci \u0161t\u00e1tov Eur\u00f3pskej \u00fanie a \u0160vaj\u010diarska. Pokia\u013e si s nimi neviete poradi\u0165, s ich vyp\u013a\u0148an\u00edm a pod\u00e1van\u00edm V\u00e1m radi pom\u00f4\u017eeme. Sta\u010d\u00ed,<\/p><\/div><\/div><div class=\"fusion-meta-info\"><div class=\"fusion-alignleft\"><a class=\"fusion-read-more\" href=\"https:\/\/rakuskopraca.sk\/cs\/nebojte-sa-eciek\/\" aria-label=\"More on Preh\u013ead formul\u00e1rov typu E a ich pou\u017eitie\">Read More<\/a><\/div><div class=\"fusion-alignright\"><span>Koment\u00e1\u0159e nejsou povolen\u00e9<span class=\"screen-reader-text\"> u textu s n\u00e1zvem Preh\u013ead formul\u00e1rov typu E a ich pou\u017eitie<\/span><\/span><\/div><\/div><\/div><div class=\"fusion-clearfix\"><\/div><\/div>\n<\/article>\n<article id=\"blog-1-post-383\" style=\"border-color:#ebeaea;\" class=\"fusion-post-timeline fusion-clearfix fusion-right-column post-383 post type-post status-publish format-standard hentry category-uncategorized category-nezaradene\">\n<div class=\"fusion-post-wrapper\" style=\"background-color:rgba(255,255,255,0);\">\n\n<div class=\"fusion-post-content-wrapper\" style=\"padding:30px 25px 25px 25px;\"><div class=\"fusion-post-content post-content\"><div class=\"fusion-timeline-circle\" style=\"background-color:#ebeaea;\"><\/div><div class=\"fusion-timeline-arrow\" style=\"color:#ebeaea;\"><\/div><h2 class=\"blog-shortcode-post-title\"><a href=\"https:\/\/rakuskopraca.sk\/cs\/dvojite-zdanenie\/\">Dvojit\u00e9 zdanenie<\/a><\/h2><p class=\"fusion-single-line-meta\">By <span><a href=\"https:\/\/rakuskopraca.sk\/cs\/author\/jana-varso\/\" title=\"P\u0159\u00edsp\u011bvky od Jana Var\u0161o\" rel=\"author\">Jana Var\u0161o<\/a><\/span><span class=\"fusion-inline-sep\">|<\/span><span>18 b\u0159ezna, 2015<\/span><span class=\"fusion-inline-sep\">|<\/span>Categories: <a href=\"https:\/\/rakuskopraca.sk\/ro\/category\/uncategorized\/\" rel=\"category tag\">categoriile<\/a>, <a href=\"https:\/\/rakuskopraca.sk\/category\/nezaradene\/\" rel=\"category tag\">Nezaraden\u00e9<\/a><span class=\"fusion-inline-sep\">|<\/span><\/p><div class=\"fusion-content-sep sep-double sep-solid\"><\/div><div class=\"fusion-post-content-container\"><p>Riziko dvojit\u00e9ho zdanenia vznik\u00e1 vtedy, ak va\u0161e pr\u00edjmy maj\u00fa pr\u00e1vo zda\u0148ova\u0165 dve krajiny, preto\u017ee napr\u00edklad: \u017eijete v\u00a0jednej krajine E\u00da, ale pracujete v\u00a0inej (cezhrani\u010dn\u00fd pracovn\u00edk), ste vyslan\u00fd do zahrani\u010dia na kr\u00e1tke obdobie, \u017eijete a h\u013ead\u00e1te si<\/p><\/div><\/div><div class=\"fusion-meta-info\"><div class=\"fusion-alignleft\"><a class=\"fusion-read-more\" href=\"https:\/\/rakuskopraca.sk\/cs\/dvojite-zdanenie\/\" aria-label=\"More on Dvojit\u00e9 zdanenie\">Read More<\/a><\/div><div class=\"fusion-alignright\"><span>Koment\u00e1\u0159e nejsou povolen\u00e9<span class=\"screen-reader-text\"> u textu s n\u00e1zvem Dvojit\u00e9 zdanenie<\/span><\/span><\/div><\/div><\/div><div class=\"fusion-clearfix\"><\/div><\/div>\n<\/article>\n<article id=\"blog-1-post-306\" style=\"border-color:#ebeaea;\" class=\"fusion-post-timeline fusion-clearfix fusion-left-column post-306 post type-post status-publish format-standard hentry category-uncategorized category-nezaradene\">\n<div class=\"fusion-post-wrapper\" style=\"background-color:rgba(255,255,255,0);\">\n\n<div class=\"fusion-post-content-wrapper\" style=\"padding:30px 25px 25px 25px;\"><div class=\"fusion-post-content post-content\"><div class=\"fusion-timeline-circle\" style=\"background-color:#ebeaea;\"><\/div><div class=\"fusion-timeline-arrow\" style=\"color:#ebeaea;\"><\/div><h2 class=\"blog-shortcode-post-title\"><a href=\"https:\/\/rakuskopraca.sk\/cs\/ked-sa-chystate-do-zahranicia\/\">Ke\u010f sa chyst\u00e1te do zahrani\u010dia&#8230;.<\/a><\/h2><p class=\"fusion-single-line-meta\">By <span><a href=\"https:\/\/rakuskopraca.sk\/cs\/author\/jana-varso\/\" title=\"P\u0159\u00edsp\u011bvky od Jana Var\u0161o\" rel=\"author\">Jana Var\u0161o<\/a><\/span><span class=\"fusion-inline-sep\">|<\/span><span>18 b\u0159ezna, 2015<\/span><span class=\"fusion-inline-sep\">|<\/span>Categories: <a href=\"https:\/\/rakuskopraca.sk\/ro\/category\/uncategorized\/\" rel=\"category tag\">categoriile<\/a>, <a href=\"https:\/\/rakuskopraca.sk\/category\/nezaradene\/\" rel=\"category tag\">Nezaraden\u00e9<\/a><span class=\"fusion-inline-sep\">|<\/span><\/p><div class=\"fusion-content-sep sep-double sep-solid\"><\/div><div class=\"fusion-post-content-container\"><p>Rozhodli ste sa pracova\u0165 v zahrani\u010d\u00ed a nie je v\u00e1m jasn\u00e9 \u010do v\u0161etko mus\u00edte vybavi\u0165? Ak je pre V\u00e1s behanie po \u00faradoch a vyp\u013a\u0148anie formul\u00e1rov stresuj\u00face, odpor\u00fa\u010dame V\u00e1m spo\u013eahn\u00fa\u0165 sa na\u00a0profesion\u00e1lnu person\u00e1lnu agent\u00faru, ktor\u00e1 v\u0161etko<\/p><\/div><\/div><div class=\"fusion-meta-info\"><div class=\"fusion-alignleft\"><a class=\"fusion-read-more\" href=\"https:\/\/rakuskopraca.sk\/cs\/ked-sa-chystate-do-zahranicia\/\" aria-label=\"More on Ke\u010f sa chyst\u00e1te do zahrani\u010dia&#8230;.\">Read More<\/a><\/div><div class=\"fusion-alignright\"><span>Koment\u00e1\u0159e nejsou povolen\u00e9<span class=\"screen-reader-text\"> u textu s n\u00e1zvem Ke\u010f sa chyst\u00e1te do zahrani\u010dia&#8230;.<\/span><\/span><\/div><\/div><\/div><div class=\"fusion-clearfix\"><\/div><\/div>\n<\/article>\n<article id=\"blog-1-post-279\" style=\"border-color:#ebeaea;\" class=\"fusion-post-timeline fusion-clearfix fusion-right-column post-279 post type-post status-publish format-standard hentry category-nezaradene\">\n<div class=\"fusion-post-wrapper\" style=\"background-color:rgba(255,255,255,0);\">\n\n<div class=\"fusion-post-content-wrapper\" style=\"padding:30px 25px 25px 25px;\"><div class=\"fusion-post-content post-content\"><div class=\"fusion-timeline-circle\" style=\"background-color:#ebeaea;\"><\/div><div class=\"fusion-timeline-arrow\" style=\"color:#ebeaea;\"><\/div><h2 class=\"blog-shortcode-post-title\"><a href=\"https:\/\/rakuskopraca.sk\/cs\/starostlivost-o-rodicov-a-deti-u-nas-a-v-europe\/\">Starostlivos\u0165 o rodi\u010dov a deti u n\u00e1s a v Eur\u00f3pe<\/a><\/h2><p class=\"fusion-single-line-meta\">By <span><a href=\"https:\/\/rakuskopraca.sk\/cs\/author\/jana-varso\/\" title=\"P\u0159\u00edsp\u011bvky od Jana Var\u0161o\" rel=\"author\">Jana Var\u0161o<\/a><\/span><span class=\"fusion-inline-sep\">|<\/span><span>18 b\u0159ezna, 2015<\/span><span class=\"fusion-inline-sep\">|<\/span>Categories: <a href=\"https:\/\/rakuskopraca.sk\/category\/nezaradene\/\" rel=\"category tag\">Nezaraden\u00e9<\/a><span class=\"fusion-inline-sep\">|<\/span><\/p><div class=\"fusion-content-sep sep-double sep-solid\"><\/div><div class=\"fusion-post-content-container\"><p>Rodi\u010dovsk\u00e1 dovolenka je u n\u00e1s z\u00e1kladn\u00fdm prostriedkom na zabezpe\u010denie starostlivosti o mal\u00e9 deti. Jej parametre maj\u00fa v\u00fdznamn\u00fd vplyv na \u017eivot rodi\u010dov. Od toho, \u010do tak\u00e1to dovolenka poskytuje a \u010do nie, z\u00e1vis\u00ed, \u010di sa partneri rozhodn\u00fa<\/p><\/div><\/div><div class=\"fusion-meta-info\"><div class=\"fusion-alignleft\"><a class=\"fusion-read-more\" href=\"https:\/\/rakuskopraca.sk\/cs\/starostlivost-o-rodicov-a-deti-u-nas-a-v-europe\/\" aria-label=\"More on Starostlivos\u0165 o rodi\u010dov a deti u n\u00e1s a v Eur\u00f3pe\">Read More<\/a><\/div><div class=\"fusion-alignright\"><span>Koment\u00e1\u0159e nejsou povolen\u00e9<span class=\"screen-reader-text\"> u textu s n\u00e1zvem Starostlivos\u0165 o rodi\u010dov a deti u n\u00e1s a v Eur\u00f3pe<\/span><\/span><\/div><\/div><\/div><div class=\"fusion-clearfix\"><\/div><\/div>\n<\/article>\n<\/div><\/div><\/div><div class=\"pagination clearfix\"><span class=\"current\">1<\/span><a href=\"https:\/\/rakuskopraca.sk\/cs\/wp-json\/wp\/v2\/pages\/507\/page\/2\/\" class=\"inactive\">2<\/a><a class=\"pagination-next\" rel=\"next\" href=\"https:\/\/rakuskopraca.sk\/cs\/wp-json\/wp\/v2\/pages\/507\/page\/2\/\"><span class=\"page-text\">Next<\/span><span class=\"page-next\"><\/span><\/a><\/div><div class=\"fusion-clearfix\"><\/div><\/div><\/div><\/div><\/div><\/div>\n","protected":false},"excerpt":{"rendered":"","protected":false},"author":1,"featured_media":0,"parent":0,"menu_order":0,"comment_status":"open","ping_status":"open","template":"","meta":{"footnotes":""},"_links":{"self":[{"href":"https:\/\/rakuskopraca.sk\/cs\/wp-json\/wp\/v2\/pages\/507"}],"collection":[{"href":"https:\/\/rakuskopraca.sk\/cs\/wp-json\/wp\/v2\/pages"}],"about":[{"href":"https:\/\/rakuskopraca.sk\/cs\/wp-json\/wp\/v2\/types\/page"}],"author":[{"embeddable":true,"href":"https:\/\/rakuskopraca.sk\/cs\/wp-json\/wp\/v2\/users\/1"}],"replies":[{"embeddable":true,"href":"https:\/\/rakuskopraca.sk\/cs\/wp-json\/wp\/v2\/comments?post=507"}],"version-history":[{"count":2,"href":"https:\/\/rakuskopraca.sk\/cs\/wp-json\/wp\/v2\/pages\/507\/revisions"}],"predecessor-version":[{"id":2357,"href":"https:\/\/rakuskopraca.sk\/cs\/wp-json\/wp\/v2\/pages\/507\/revisions\/2357"}],"wp:attachment":[{"href":"https:\/\/rakuskopraca.sk\/cs\/wp-json\/wp\/v2\/media?parent=507"}],"curies":[{"name":"wp","href":"https:\/\/api.w.org\/{rel}","templated":true}]}}